{"id":2181,"date":"2020-07-30T05:59:24","date_gmt":"2020-07-30T12:59:24","guid":{"rendered":"https:\/\/ocaction.org\/prop15\/"},"modified":"2025-02-07T06:16:54","modified_gmt":"2025-02-07T06:16:54","slug":"prop15","status":"publish","type":"page","link":"https:\/\/ocaction.org\/es\/prop15\/","title":{"rendered":"S\u00ed a Proposici\u00f3n 15"},"content":{"rendered":"\n<div class=\"wp-block-media-text alignwide has-media-on-the-right is-stacked-on-mobile is-image-fill\"><figure class=\"wp-block-media-text__media\" style=\"background-image:url(https:\/\/ocaction.org\/wp-content\/uploads\/sites\/56\/2020\/07\/Elementary-classroom-hands-156669082-1024x683.jpeg);background-position:100% 56.00000000000001%\"><img decoding=\"async\" src=\"https:\/\/ocaction.org\/wp-content\/uploads\/sites\/56\/2020\/07\/Elementary-classroom-hands-156669082-1024x683.jpeg\" alt=\"\" class=\"wp-image-229\" \/><\/figure><div class=\"wp-block-media-text__content\">\n<h4 class=\"wp-block-heading\">Mientras que las corporaciones m\u00e1s ricas evitan pagar su parte justa, nuestras escuelas tienen las aulas m\u00e1s llenas del pa\u00eds y nuestras comunidades locales est\u00e1n luchando por responder al impacto de COVID.<\/h4>\n\n\n\n<h4 class=\"has-text-color wp-block-heading\" style=\"color:#3a94c1\">ES HORA DE PONER A LAS ESCUELAS Y COMUNIDADES PRIMERO VOTANDO S\u00cd POR PROP 15<\/h4>\n\n\n\n<div class=\"wp-block-buttons is-layout-flex wp-block-buttons-is-layout-flex\">\n<div class=\"wp-block-button\"><a class=\"wp-block-button__link has-background\" href=\"https:\/\/occet.ourpowerbase.net\/c4\/prop15\/endorse\" style=\"background-color:#347ace\">HAGA UN RESPALDO P\u00daBLICO<\/a><\/div>\n\n\n\n<div class=\"wp-block-button\"><a class=\"wp-block-button__link has-background\" href=\"#supporters\" style=\"background-color:#3a94c1\">Apoyantes<\/a><\/div>\n<\/div>\n<\/div><\/div>\n\n\n\n<div class=\"wp-block-group alignfull is-layout-flow wp-block-group-is-layout-flow\"><div class=\"wp-block-group__inner-container\"><\/div><\/div>\n\n\n\n<div class=\"wp-block-cover alignfull has-background-dim\" style=\"background-color:#c6e4f3\"><div class=\"wp-block-cover__inner-container is-layout-flow wp-block-cover-is-layout-flow\">\n<div class=\"wp-block-media-text alignwide has-media-on-the-right is-stacked-on-mobile is-image-fill\"><figure class=\"wp-block-media-text__media\" style=\"background-image:url(http:\/\/ocaction.org\/wp-content\/uploads\/sites\/8\/2020\/08\/90389496_2684278768484888_9202145062937427968_o-1024x1024.jpg);background-position:51% 20%\"><img fetchpriority=\"high\" decoding=\"async\" width=\"1024\" height=\"1024\" src=\"http:\/\/ocaction.org\/wp-content\/uploads\/sites\/8\/2020\/08\/90389496_2684278768484888_9202145062937427968_o-1024x1024.jpg\" alt=\"\" class=\"wp-image-470\" srcset=\"https:\/\/ocaction.org\/wp-content\/uploads\/sites\/8\/2020\/08\/90389496_2684278768484888_9202145062937427968_o-1024x1024.jpg 1024w, https:\/\/ocaction.org\/wp-content\/uploads\/sites\/8\/2020\/08\/90389496_2684278768484888_9202145062937427968_o-300x300.jpg 300w, https:\/\/ocaction.org\/wp-content\/uploads\/sites\/8\/2020\/08\/90389496_2684278768484888_9202145062937427968_o-150x150.jpg 150w, https:\/\/ocaction.org\/wp-content\/uploads\/sites\/8\/2020\/08\/90389496_2684278768484888_9202145062937427968_o-768x768.jpg 768w, https:\/\/ocaction.org\/wp-content\/uploads\/sites\/8\/2020\/08\/90389496_2684278768484888_9202145062937427968_o-1536x1536.jpg 1536w, https:\/\/ocaction.org\/wp-content\/uploads\/sites\/8\/2020\/08\/90389496_2684278768484888_9202145062937427968_o-1200x1200.jpg 1200w, https:\/\/ocaction.org\/wp-content\/uploads\/sites\/8\/2020\/08\/90389496_2684278768484888_9202145062937427968_o-1980x1980.jpg 1980w, https:\/\/ocaction.org\/wp-content\/uploads\/sites\/8\/2020\/08\/90389496_2684278768484888_9202145062937427968_o.jpg 2048w\" sizes=\"(max-width: 1024px) 100vw, 1024px\" \/><\/figure><div class=\"wp-block-media-text__content\">\n<h2 class=\"has-text-align-center has-primary-color has-text-color wp-block-heading\">\u00bfQu\u00e9 es la Prop 15?<\/h2>\n\n\n\n<p class=\"has-primary-color has-text-color\">Proposici\u00f3n 15, apodado <a href=\"https:\/\/www.yes15.org\/espanol\"><strong>Escuelas y  Comunidades Primero<\/strong><\/a>, es una reforma justa y equilibrada que:<\/p>\n\n\n\n<ol class=\"wp-block-list\"><li><span class=\"has-inline-color has-primary-color\">Le pone un fin a las lagunas fiscales del impuesto a la propiedad que benefician a corporaciones ricas.<\/span><\/li><li><span class=\"has-inline-color has-primary-color\">\u200bReduce los impuestos para empresas peque\u00f1as.\u200b<\/span><\/li><li><span class=\"has-inline-color has-primary-color\">Retoma miles de millones cada a\u00f1o para invertir en nuestras escuelas y comunidades locales.<\/span><\/li><li><span class=\"has-inline-color has-primary-color\">Except\u00faa a propietarios, inquilinos, empresas peque\u00f1as y propiedad agr\u00edcola para que sigan protegidas por la Prop 13.<\/span><\/li><li><span class=\"has-inline-color has-primary-color\">Prioriza la transparencia y rendici\u00f3n de cuentas al requerir divulgaci\u00f3n p\u00fablica de todos los ingresos nuevos y c\u00f3mo se utilizan.<\/span><\/li><\/ol>\n\n\n\n<p class=\"has-primary-color has-text-color\">S\u00f3lo 10% de las propiedades comerciales no residenciales m\u00e1s caras de California representan el 92% de los ingresos creados por el cierre de lagunas fiscales de Prop 15.<\/p>\n<\/div><\/div>\n<\/div><\/div>\n\n\n\n<div class=\"wp-block-media-text alignwide is-stacked-on-mobile is-image-fill\"><figure class=\"wp-block-media-text__media\" style=\"background-image:url(https:\/\/ocaction.org\/wp-content\/uploads\/sites\/56\/2020\/07\/Doctor-320062415-1024x681.jpeg);background-position:69% 46%\"><img decoding=\"async\" src=\"https:\/\/ocaction.org\/wp-content\/uploads\/sites\/56\/2020\/07\/Doctor-320062415-1024x681.jpeg\" alt=\"\" class=\"wp-image-236\" \/><\/figure><div class=\"wp-block-media-text__content\">\n<h2 class=\"has-text-align-center wp-block-heading\">C\u00f3mo su comunidad ser\u00e1 beneficiada<\/h2>\n\n\n\n<p>Un reciente <a href=\"https:\/\/dornsife.usc.edu\/assets\/sites\/242\/docs\/Updated_2019_Rev_Est_memo_Design_v5.pdf\">informe<\/a> por la University of Southern California (USC) encontr\u00f3 que de ser pasado, Prop. 15 proveer\u00eda con fondos para escuelas, universidades comunitarias, y servicioes locales para todos los condados de California.<\/p>\n\n\n\n<p>Prop 15 retomar\u00e1 miles de millones cada a\u00f1o para nuestras escuelas, colegios comunitarios y servicios locales esenciales en CADA condado para invertir en cosas como:<\/p>\n\n\n\n<ul class=\"wp-block-list\"><li>Reducir la cantidad de alumnos por aula<\/li><li>Servicios del cuidado de la salud<\/li><li>Luchar contra la indigencia<\/li><li>Bomberos y sus equipos<\/li><li>El agua potable y sana<\/li><li>Prepararse para desastres futuros como incendios forestales, pandemias o terremotos<\/li><\/ul>\n\n\n\n<p><\/p>\n<\/div><\/div>\n\n\n\n<div class=\"wp-block-cover alignfull has-background-dim\" style=\"background-color:#c6e4f3\"><div class=\"wp-block-cover__inner-container is-layout-flow wp-block-cover-is-layout-flow\">\n<div class=\"wp-block-media-text alignwide has-media-on-the-right is-stacked-on-mobile is-vertically-aligned-center\"><figure class=\"wp-block-media-text__media\"><img decoding=\"async\" width=\"1024\" height=\"1024\" src=\"http:\/\/ocaction.org\/wp-content\/uploads\/sites\/8\/2020\/08\/101952125_2752237065022391_2508574665404841984_o-1024x1024.png\" alt=\"\" class=\"wp-image-483\" srcset=\"https:\/\/ocaction.org\/wp-content\/uploads\/sites\/8\/2020\/08\/101952125_2752237065022391_2508574665404841984_o-1024x1024.png 1024w, https:\/\/ocaction.org\/wp-content\/uploads\/sites\/8\/2020\/08\/101952125_2752237065022391_2508574665404841984_o-300x300.png 300w, https:\/\/ocaction.org\/wp-content\/uploads\/sites\/8\/2020\/08\/101952125_2752237065022391_2508574665404841984_o-150x150.png 150w, https:\/\/ocaction.org\/wp-content\/uploads\/sites\/8\/2020\/08\/101952125_2752237065022391_2508574665404841984_o-768x768.png 768w, https:\/\/ocaction.org\/wp-content\/uploads\/sites\/8\/2020\/08\/101952125_2752237065022391_2508574665404841984_o-1536x1536.png 1536w, https:\/\/ocaction.org\/wp-content\/uploads\/sites\/8\/2020\/08\/101952125_2752237065022391_2508574665404841984_o-1200x1200.png 1200w, https:\/\/ocaction.org\/wp-content\/uploads\/sites\/8\/2020\/08\/101952125_2752237065022391_2508574665404841984_o-1980x1980.png 1980w, https:\/\/ocaction.org\/wp-content\/uploads\/sites\/8\/2020\/08\/101952125_2752237065022391_2508574665404841984_o.png 2048w\" sizes=\"(max-width: 1024px) 100vw, 1024px\" \/><\/figure><div class=\"wp-block-media-text__content\">\n<h2 class=\"has-text-align-center has-text-color wp-block-heading\" id=\"supporters\" style=\"color:#040404\">\u00bfQui\u00e9nes lo apoyan?<\/h2>\n\n\n\n<p class=\"has-primary-color has-text-color\"><strong><a href=\"https:\/\/www.yes15.org\/who-supports\">Maestros, trabajadores, l\u00edderes religiosos, negocios, y comunidades de color en toda California<\/a><\/strong> apoyan la Proposici\u00f3n 15.<\/p>\n\n\n\n<div class=\"wp-block-buttons aligncenter is-layout-flex wp-block-buttons-is-layout-flex\">\n<div class=\"wp-block-button\"><a class=\"wp-block-button__link has-background\" href=\"https:\/\/occet.ourpowerbase.net\/c4\/prop15\/endorse\" style=\"background-color:#0071a1\">Haga un respaldo p\u00fablico<\/a><\/div>\n<\/div>\n\n\n\n<div style=\"height:20px\" aria-hidden=\"true\" class=\"wp-block-spacer\"><\/div>\n\n\n\n<p class=\"has-primary-color has-text-color\">Aquelos que apoyan desde el condado de Orange incluyen los siguientes individuos y organizaciones:<\/p>\n\n\n\n<p><\/p>\n\n\n\n<h4 class=\"has-primary-color has-text-color wp-block-heading\">Maestros y Distritos Escolares<\/h4>\n\n\n\n<ul class=\"wp-block-list\"><li><span class=\"has-inline-color has-primary-color\">Anaheim Elementary School District<\/span><\/li><li><span class=\"has-inline-color has-primary-color\">Santa Ana Unified School District<\/span><\/li><li><span class=\"has-inline-color has-primary-color\">Juan Gabriel Alvarez, Anaheim Elementary School District<\/span><\/li><li><span class=\"has-inline-color has-primary-color\">Jackie Filbeck, Anaheim Elementary School District<\/span><\/li><li><span class=\"has-inline-color has-primary-color\">Barbara Dunsheath, North Orange County Community College District<\/span><\/li><li><span class=\"has-inline-color has-primary-color\">Ed Lopez, North Orange County Community College District<\/span><\/li><li><span class=\"has-inline-color has-primary-color\">Al Jabbar, Anaheim Elementary School District<\/span><\/li><li><span class=\"has-inline-color has-primary-color\">Mark Lopez, Anaheim Elementary School District<\/span><\/li><li><span class=\"has-inline-color has-primary-color\">Jose Paolo Magcalas, Anaheim Elementary School District<\/span><\/li><li><span class=\"has-inline-color has-primary-color\">Annemarie Randle-Trejo, Anaheim Union HIgh School District President<\/span><\/li><li><span class=\"has-inline-color has-primary-color\">Ryan Ruelas, Anaheim Elementary School District<\/span><\/li><li><span class=\"has-inline-color has-primary-color\">Joanne Fawley, Fullerton Joint Union High School District<\/span><\/li><li><span class=\"has-inline-color has-primary-color\">Lauren Klatzker, Fullerton Joint Union High School District<\/span><\/li><li><span class=\"has-inline-color has-primary-color\">Andy Montoya, Fullerton Joint Union High School District<\/span><\/li><li><span class=\"has-inline-color has-primary-color\">Jeanette Vazquez, Fullerton Joint Union High School District<\/span><\/li><li><span class=\"has-inline-color has-primary-color\">Walter Muneton, Garden Grove Unified School District<\/span><\/li><li><span class=\"has-inline-color has-primary-color\">Diana Lee Carey, Huntington Beach City School District Trustee<\/span><\/li><li><span class=\"has-inline-color has-primary-color\">Diana Marks, Huntington Beach City School District Trustee<\/span><\/li><li><span class=\"has-inline-color has-primary-color\">Alfonso Alvarez, Santa Ana Unified Schools District<\/span><\/li><li><span class=\"has-inline-color has-primary-color\">Valerie Amezcua, Santa Ana Unified School District<\/span><\/li><li><span class=\"has-inline-color has-primary-color\">John Palacio, Santa Ana Unified Schools District<\/span><\/li><li><span class=\"has-inline-color has-primary-color\">Rigo Rodriguez, Santa Ana Unified Schools District<\/span><\/li><\/ul>\n<\/div><\/div>\n<\/div><\/div>\n\n\n\n<div class=\"wp-block-media-text alignwide is-stacked-on-mobile is-vertically-aligned-center\"><figure class=\"wp-block-media-text__media\"><img decoding=\"async\" width=\"1024\" height=\"1024\" src=\"http:\/\/ocaction.org\/wp-content\/uploads\/sites\/8\/2020\/08\/102943697_2752304685015629_1357612228525686784_o-1024x1024.png\" alt=\"\" class=\"wp-image-488\" srcset=\"https:\/\/ocaction.org\/wp-content\/uploads\/sites\/8\/2020\/08\/102943697_2752304685015629_1357612228525686784_o-1024x1024.png 1024w, https:\/\/ocaction.org\/wp-content\/uploads\/sites\/8\/2020\/08\/102943697_2752304685015629_1357612228525686784_o-300x300.png 300w, https:\/\/ocaction.org\/wp-content\/uploads\/sites\/8\/2020\/08\/102943697_2752304685015629_1357612228525686784_o-150x150.png 150w, https:\/\/ocaction.org\/wp-content\/uploads\/sites\/8\/2020\/08\/102943697_2752304685015629_1357612228525686784_o-768x768.png 768w, https:\/\/ocaction.org\/wp-content\/uploads\/sites\/8\/2020\/08\/102943697_2752304685015629_1357612228525686784_o-1536x1536.png 1536w, https:\/\/ocaction.org\/wp-content\/uploads\/sites\/8\/2020\/08\/102943697_2752304685015629_1357612228525686784_o-1200x1200.png 1200w, https:\/\/ocaction.org\/wp-content\/uploads\/sites\/8\/2020\/08\/102943697_2752304685015629_1357612228525686784_o-1980x1980.png 1980w, https:\/\/ocaction.org\/wp-content\/uploads\/sites\/8\/2020\/08\/102943697_2752304685015629_1357612228525686784_o.png 2048w\" sizes=\"(max-width: 1024px) 100vw, 1024px\" \/><\/figure><div class=\"wp-block-media-text__content\">\n<h4 class=\"wp-block-heading\">Organizaciones Religiosas, Laborales, C\u00edvicas, y Comunitarias<\/h4>\n\n\n\n<ul class=\"wp-block-list\"><li>Orange County Civic Engagement Table<\/li><li>Orange County Congregation Community Organization<\/li><li>Resilience Orange County<\/li><li>Anaheim Secondary Teachers Association CTA\/NEA<\/li><li>Orange County Democratic Party Central Committee<\/li><\/ul>\n\n\n\n<h4 class=\"wp-block-heading\">Pol\u00edticos<\/h4>\n\n\n\n<ul class=\"wp-block-list\"><li>Molly McClanahan, Mayor of Fullerton (former)<\/li><li>Jan Flory, Mayor Pro Tem of Fullerton<\/li><li>Melissa Fox, Irvine City Council Member<\/li><li>Vincente Sarmiento, Santa Ana City Council Member<\/li><li>Jose Solorio, Santa Ana City Council Member<\/li><\/ul>\n\n\n\n<p><\/p>\n<\/div><\/div>\n\n\n\n<p><\/p>\n","protected":false},"excerpt":{"rendered":"<p>C\u00f3mo su comunidad ser\u00e1 beneficiada Un reciente informe por la University of Southern California (USC) encontr\u00f3 que de ser pasado, Prop. 15 proveer\u00eda con fondos para escuelas, universidades comunitarias, y servicioes locales para todos los condados de California. Prop 15 retomar\u00e1 miles de millones cada a\u00f1o para nuestras escuelas, colegios comunitarios y servicios locales esenciales [&hellip;]<\/p>\n","protected":false},"author":1,"featured_media":0,"parent":0,"menu_order":0,"comment_status":"closed","ping_status":"closed","template":"","meta":{"footnotes":""},"class_list":["post-2181","page","type-page","status-publish","hentry"],"yoast_head":"<!-- This site is optimized with the Yoast SEO Premium plugin v25.6 (Yoast SEO v25.6) - https:\/\/yoast.com\/wordpress\/plugins\/seo\/ -->\n<title>S\u00ed a Proposici\u00f3n 15 - OC Action<\/title>\n<meta name=\"robots\" content=\"index, follow, max-snippet:-1, max-image-preview:large, max-video-preview:-1\" \/>\n<link rel=\"canonical\" href=\"https:\/\/ocaction.org\/es\/prop15\/\" \/>\n<meta property=\"og:locale\" content=\"es_ES\" \/>\n<meta property=\"og:type\" content=\"article\" \/>\n<meta property=\"og:title\" content=\"S\u00ed a Proposici\u00f3n 15\" \/>\n<meta property=\"og:description\" content=\"C\u00f3mo su comunidad ser\u00e1 beneficiada Un reciente informe por la University of Southern California (USC) encontr\u00f3 que de ser pasado, Prop. 15 proveer\u00eda con fondos para escuelas, universidades comunitarias, y servicioes locales para todos los condados de California. Prop 15 retomar\u00e1 miles de millones cada a\u00f1o para nuestras escuelas, colegios comunitarios y servicios locales esenciales [&hellip;]\" \/>\n<meta property=\"og:url\" content=\"https:\/\/ocaction.org\/es\/prop15\/\" \/>\n<meta property=\"og:site_name\" content=\"OC Action\" \/>\n<meta property=\"article:modified_time\" content=\"2025-02-07T06:16:54+00:00\" \/>\n<meta property=\"og:image\" content=\"https:\/\/ocaction.org\/wp-content\/uploads\/sites\/8\/2020\/07\/Elementary-classroom-hands-156669082-scaled-1.jpeg\" \/>\n\t<meta property=\"og:image:width\" content=\"2560\" \/>\n\t<meta property=\"og:image:height\" content=\"1707\" \/>\n\t<meta property=\"og:image:type\" content=\"image\/jpeg\" \/>\n<meta name=\"twitter:card\" content=\"summary_large_image\" \/>\n<meta name=\"twitter:label1\" content=\"Tiempo de lectura\" \/>\n\t<meta name=\"twitter:data1\" content=\"3 minutos\" \/>\n<script type=\"application\/ld+json\" class=\"yoast-schema-graph\">{\"@context\":\"https:\/\/schema.org\",\"@graph\":[{\"@type\":\"WebPage\",\"@id\":\"https:\/\/ocaction.org\/es\/prop15\/\",\"url\":\"https:\/\/ocaction.org\/es\/prop15\/\",\"name\":\"S\u00ed a Proposici\u00f3n 15 - OC Action\",\"isPartOf\":{\"@id\":\"https:\/\/ocaction.org\/#website\"},\"primaryImageOfPage\":{\"@id\":\"https:\/\/ocaction.org\/es\/prop15\/#primaryimage\"},\"image\":{\"@id\":\"https:\/\/ocaction.org\/es\/prop15\/#primaryimage\"},\"thumbnailUrl\":\"https:\/\/ocaction.org\/wp-content\/uploads\/sites\/56\/2020\/07\/Elementary-classroom-hands-156669082-1024x683.jpeg\",\"datePublished\":\"2020-07-30T12:59:24+00:00\",\"dateModified\":\"2025-02-07T06:16:54+00:00\",\"breadcrumb\":{\"@id\":\"https:\/\/ocaction.org\/es\/prop15\/#breadcrumb\"},\"inLanguage\":\"es\",\"potentialAction\":[{\"@type\":\"ReadAction\",\"target\":[\"https:\/\/ocaction.org\/es\/prop15\/\"]}]},{\"@type\":\"ImageObject\",\"inLanguage\":\"es\",\"@id\":\"https:\/\/ocaction.org\/es\/prop15\/#primaryimage\",\"url\":\"https:\/\/ocaction.org\/wp-content\/uploads\/sites\/56\/2020\/07\/Elementary-classroom-hands-156669082-1024x683.jpeg\",\"contentUrl\":\"https:\/\/ocaction.org\/wp-content\/uploads\/sites\/56\/2020\/07\/Elementary-classroom-hands-156669082-1024x683.jpeg\"},{\"@type\":\"BreadcrumbList\",\"@id\":\"https:\/\/ocaction.org\/es\/prop15\/#breadcrumb\",\"itemListElement\":[{\"@type\":\"ListItem\",\"position\":1,\"name\":\"Home\",\"item\":\"https:\/\/ocaction.org\/\"},{\"@type\":\"ListItem\",\"position\":2,\"name\":\"S\u00ed a Proposici\u00f3n 15\"}]},{\"@type\":\"WebSite\",\"@id\":\"https:\/\/ocaction.org\/#website\",\"url\":\"https:\/\/ocaction.org\/\",\"name\":\"OC Action\",\"description\":\"\",\"publisher\":{\"@id\":\"https:\/\/ocaction.org\/#organization\"},\"potentialAction\":[{\"@type\":\"SearchAction\",\"target\":{\"@type\":\"EntryPoint\",\"urlTemplate\":\"https:\/\/ocaction.org\/?s={search_term_string}\"},\"query-input\":{\"@type\":\"PropertyValueSpecification\",\"valueRequired\":true,\"valueName\":\"search_term_string\"}}],\"inLanguage\":\"es\"},{\"@type\":[\"Organization\",\"Place\"],\"@id\":\"https:\/\/ocaction.org\/#organization\",\"name\":\"OC Action\",\"url\":\"https:\/\/ocaction.org\/\",\"logo\":{\"@id\":\"https:\/\/ocaction.org\/es\/prop15\/#local-main-organization-logo\"},\"image\":{\"@id\":\"https:\/\/ocaction.org\/es\/prop15\/#local-main-organization-logo\"},\"telephone\":[],\"openingHoursSpecification\":[{\"@type\":\"OpeningHoursSpecification\",\"dayOfWeek\":[\"Monday\",\"Tuesday\",\"Wednesday\",\"Thursday\",\"Friday\",\"Saturday\",\"Sunday\"],\"opens\":\"09:00\",\"closes\":\"17:00\"}]},{\"@type\":\"ImageObject\",\"inLanguage\":\"es\",\"@id\":\"https:\/\/ocaction.org\/es\/prop15\/#local-main-organization-logo\",\"url\":\"https:\/\/ocaction.org\/wp-content\/uploads\/sites\/8\/2025\/08\/OC-Action-Banner.png\",\"contentUrl\":\"https:\/\/ocaction.org\/wp-content\/uploads\/sites\/8\/2025\/08\/OC-Action-Banner.png\",\"width\":767,\"height\":190,\"caption\":\"OC Action\"}]}<\/script>\n<!-- \/ Yoast SEO Premium plugin. -->","yoast_head_json":{"title":"S\u00ed a Proposici\u00f3n 15 - OC Action","robots":{"index":"index","follow":"follow","max-snippet":"max-snippet:-1","max-image-preview":"max-image-preview:large","max-video-preview":"max-video-preview:-1"},"canonical":"https:\/\/ocaction.org\/es\/prop15\/","og_locale":"es_ES","og_type":"article","og_title":"S\u00ed a Proposici\u00f3n 15","og_description":"C\u00f3mo su comunidad ser\u00e1 beneficiada Un reciente informe por la University of Southern California (USC) encontr\u00f3 que de ser pasado, Prop. 15 proveer\u00eda con fondos para escuelas, universidades comunitarias, y servicioes locales para todos los condados de California. Prop 15 retomar\u00e1 miles de millones cada a\u00f1o para nuestras escuelas, colegios comunitarios y servicios locales esenciales [&hellip;]","og_url":"https:\/\/ocaction.org\/es\/prop15\/","og_site_name":"OC Action","article_modified_time":"2025-02-07T06:16:54+00:00","og_image":[{"width":2560,"height":1707,"url":"https:\/\/ocaction.org\/wp-content\/uploads\/sites\/8\/2020\/07\/Elementary-classroom-hands-156669082-scaled-1.jpeg","type":"image\/jpeg"}],"twitter_card":"summary_large_image","twitter_misc":{"Tiempo de lectura":"3 minutos"},"schema":{"@context":"https:\/\/schema.org","@graph":[{"@type":"WebPage","@id":"https:\/\/ocaction.org\/es\/prop15\/","url":"https:\/\/ocaction.org\/es\/prop15\/","name":"S\u00ed a Proposici\u00f3n 15 - OC Action","isPartOf":{"@id":"https:\/\/ocaction.org\/#website"},"primaryImageOfPage":{"@id":"https:\/\/ocaction.org\/es\/prop15\/#primaryimage"},"image":{"@id":"https:\/\/ocaction.org\/es\/prop15\/#primaryimage"},"thumbnailUrl":"https:\/\/ocaction.org\/wp-content\/uploads\/sites\/56\/2020\/07\/Elementary-classroom-hands-156669082-1024x683.jpeg","datePublished":"2020-07-30T12:59:24+00:00","dateModified":"2025-02-07T06:16:54+00:00","breadcrumb":{"@id":"https:\/\/ocaction.org\/es\/prop15\/#breadcrumb"},"inLanguage":"es","potentialAction":[{"@type":"ReadAction","target":["https:\/\/ocaction.org\/es\/prop15\/"]}]},{"@type":"ImageObject","inLanguage":"es","@id":"https:\/\/ocaction.org\/es\/prop15\/#primaryimage","url":"https:\/\/ocaction.org\/wp-content\/uploads\/sites\/56\/2020\/07\/Elementary-classroom-hands-156669082-1024x683.jpeg","contentUrl":"https:\/\/ocaction.org\/wp-content\/uploads\/sites\/56\/2020\/07\/Elementary-classroom-hands-156669082-1024x683.jpeg"},{"@type":"BreadcrumbList","@id":"https:\/\/ocaction.org\/es\/prop15\/#breadcrumb","itemListElement":[{"@type":"ListItem","position":1,"name":"Home","item":"https:\/\/ocaction.org\/"},{"@type":"ListItem","position":2,"name":"S\u00ed a Proposici\u00f3n 15"}]},{"@type":"WebSite","@id":"https:\/\/ocaction.org\/#website","url":"https:\/\/ocaction.org\/","name":"OC Action","description":"","publisher":{"@id":"https:\/\/ocaction.org\/#organization"},"potentialAction":[{"@type":"SearchAction","target":{"@type":"EntryPoint","urlTemplate":"https:\/\/ocaction.org\/?s={search_term_string}"},"query-input":{"@type":"PropertyValueSpecification","valueRequired":true,"valueName":"search_term_string"}}],"inLanguage":"es"},{"@type":["Organization","Place"],"@id":"https:\/\/ocaction.org\/#organization","name":"OC Action","url":"https:\/\/ocaction.org\/","logo":{"@id":"https:\/\/ocaction.org\/es\/prop15\/#local-main-organization-logo"},"image":{"@id":"https:\/\/ocaction.org\/es\/prop15\/#local-main-organization-logo"},"telephone":[],"openingHoursSpecification":[{"@type":"OpeningHoursSpecification","dayOfWeek":["Monday","Tuesday","Wednesday","Thursday","Friday","Saturday","Sunday"],"opens":"09:00","closes":"17:00"}]},{"@type":"ImageObject","inLanguage":"es","@id":"https:\/\/ocaction.org\/es\/prop15\/#local-main-organization-logo","url":"https:\/\/ocaction.org\/wp-content\/uploads\/sites\/8\/2025\/08\/OC-Action-Banner.png","contentUrl":"https:\/\/ocaction.org\/wp-content\/uploads\/sites\/8\/2025\/08\/OC-Action-Banner.png","width":767,"height":190,"caption":"OC Action"}]}},"_links":{"self":[{"href":"https:\/\/ocaction.org\/es\/wp-json\/wp\/v2\/pages\/2181","targetHints":{"allow":["GET"]}}],"collection":[{"href":"https:\/\/ocaction.org\/es\/wp-json\/wp\/v2\/pages"}],"about":[{"href":"https:\/\/ocaction.org\/es\/wp-json\/wp\/v2\/types\/page"}],"author":[{"embeddable":true,"href":"https:\/\/ocaction.org\/es\/wp-json\/wp\/v2\/users\/1"}],"replies":[{"embeddable":true,"href":"https:\/\/ocaction.org\/es\/wp-json\/wp\/v2\/comments?post=2181"}],"version-history":[{"count":1,"href":"https:\/\/ocaction.org\/es\/wp-json\/wp\/v2\/pages\/2181\/revisions"}],"predecessor-version":[{"id":6414,"href":"https:\/\/ocaction.org\/es\/wp-json\/wp\/v2\/pages\/2181\/revisions\/6414"}],"wp:attachment":[{"href":"https:\/\/ocaction.org\/es\/wp-json\/wp\/v2\/media?parent=2181"}],"curies":[{"name":"wp","href":"https:\/\/api.w.org\/{rel}","templated":true}]}}