{"id":2185,"date":"2020-08-04T17:33:21","date_gmt":"2020-08-04T17:33:21","guid":{"rendered":"https:\/\/ocaction.org\/give\/"},"modified":"2025-02-07T06:16:54","modified_gmt":"2025-02-07T06:16:54","slug":"give","status":"publish","type":"page","link":"https:\/\/ocaction.org\/es\/give\/","title":{"rendered":"\u00danase al moviemiento"},"content":{"rendered":"\n<p><\/p>\n\n\n\n<div class=\"wp-block-columns alignwide is-layout-flex wp-container-core-columns-is-layout-9d6595d7 wp-block-columns-is-layout-flex\">\n<div class=\"wp-block-column is-layout-flow wp-block-column-is-layout-flow\">\n<p class=\"has-large-font-size\">OC Action trabaja con organizaciones de base, no s\u00f3lo para promover la participaci\u00f3n a las elecciones, sino tambi\u00e9n para avanzar a lo largo de todo el a\u00f1o el trabajo organizativo que es esencial para el poder pol\u00edtico de nuestras comunidades. \u00a1Haga una donaci\u00f3n hoy!<\/p>\n\n\n\n<div style=\"height:100px\" aria-hidden=\"true\" class=\"wp-block-spacer\"><\/div>\n\n\n\n<p>NOTE: Contributions to OC Action, a 501(c)(4) organization, are not deductible as charitable contributions for federal income tax purposes.<\/p>\n\n\n\n<p>Paid for by ActBlue (<a href=\"https:\/\/secure.actblue.com\">actblue.com<\/a>) and not authorized by any candidate or candidate&#8217;s committee.<\/p>\n\n\n\n<p>Contributions or gifts to ActBlue are not deductible as charitable contributions for Federal income tax purposes.<\/p>\n\n\n\n<p>Contributions or gifts made to other organizations through ActBlue Civics are likewise not deductible.<\/p>\n<\/div>\n\n\n\n<div class=\"wp-block-column is-layout-flow wp-block-column-is-layout-flow\">\n<figure class=\"wp-block-actblue-embed wp-block-embed is-provider-actblue\"><div class=\"wp-block-embed__wrapper\">\n<iframe title=\"Please donate to OC Action\" src=\"https:\/\/secure.actblue.com\/cf\/embed\/form\/JRR552DbUkvL37T9nG7yzXf5\" sandbox=\"allow-storage-access-by-user-activation allow-scripts allow-same-origin allow-forms allow-popups\" frameborder=\"0\" height=\"870\" width=\"580\" style=\"width: 100%; min-height: 350px; border: none;\" allowpaymentrequest><\/iframe>\n<\/div><\/figure>\n<\/div>\n<\/div>\n","protected":false},"excerpt":{"rendered":"<p>OC Action trabaja con organizaciones de base, no s\u00f3lo para promover la participaci\u00f3n a las elecciones, sino tambi\u00e9n para avanzar a lo largo de todo el a\u00f1o el trabajo organizativo que es esencial para el poder pol\u00edtico de nuestras comunidades. \u00a1Haga una donaci\u00f3n hoy! NOTE: Contributions to OC Action, a 501(c)(4) organization, are not deductible [&hellip;]<\/p>\n","protected":false},"author":1,"featured_media":0,"parent":0,"menu_order":0,"comment_status":"closed","ping_status":"closed","template":"","meta":{"footnotes":""},"class_list":["post-2185","page","type-page","status-publish","hentry"],"yoast_head":"<!-- This site is optimized with the Yoast SEO Premium plugin v25.6 (Yoast SEO v25.6) - https:\/\/yoast.com\/wordpress\/plugins\/seo\/ -->\n<title>\u00danase al moviemiento - OC Action<\/title>\n<meta name=\"robots\" content=\"index, follow, max-snippet:-1, max-image-preview:large, max-video-preview:-1\" \/>\n<link rel=\"canonical\" href=\"https:\/\/ocaction.org\/give\/\" \/>\n<meta property=\"og:locale\" content=\"es_ES\" \/>\n<meta property=\"og:type\" content=\"article\" \/>\n<meta property=\"og:title\" content=\"\u00danase al moviemiento\" \/>\n<meta property=\"og:description\" content=\"OC Action trabaja con organizaciones de base, no s\u00f3lo para promover la participaci\u00f3n a las elecciones, sino tambi\u00e9n para avanzar a lo largo de todo el a\u00f1o el trabajo organizativo que es esencial para el poder pol\u00edtico de nuestras comunidades. \u00a1Haga una donaci\u00f3n hoy! NOTE: Contributions to OC Action, a 501(c)(4) organization, are not deductible [&hellip;]\" \/>\n<meta property=\"og:url\" content=\"https:\/\/ocaction.org\/give\/\" \/>\n<meta property=\"og:site_name\" content=\"OC Action\" \/>\n<meta property=\"article:modified_time\" content=\"2025-02-07T06:16:54+00:00\" \/>\n<meta name=\"twitter:card\" content=\"summary_large_image\" \/>\n<meta name=\"twitter:label1\" content=\"Tiempo de lectura\" \/>\n\t<meta name=\"twitter:data1\" content=\"1 minuto\" \/>\n<script type=\"application\/ld+json\" class=\"yoast-schema-graph\">{\"@context\":\"https:\/\/schema.org\",\"@graph\":[{\"@type\":\"WebPage\",\"@id\":\"https:\/\/ocaction.org\/give\/\",\"url\":\"https:\/\/ocaction.org\/give\/\",\"name\":\"\u00danase al moviemiento - OC Action\",\"isPartOf\":{\"@id\":\"https:\/\/ocaction.org\/#website\"},\"datePublished\":\"2020-08-04T17:33:21+00:00\",\"dateModified\":\"2025-02-07T06:16:54+00:00\",\"breadcrumb\":{\"@id\":\"https:\/\/ocaction.org\/give\/#breadcrumb\"},\"inLanguage\":\"es\",\"potentialAction\":[{\"@type\":\"ReadAction\",\"target\":[\"https:\/\/ocaction.org\/give\/\"]}]},{\"@type\":\"BreadcrumbList\",\"@id\":\"https:\/\/ocaction.org\/give\/#breadcrumb\",\"itemListElement\":[{\"@type\":\"ListItem\",\"position\":1,\"name\":\"Home\",\"item\":\"https:\/\/ocaction.org\/\"},{\"@type\":\"ListItem\",\"position\":2,\"name\":\"\u00danase al moviemiento\"}]},{\"@type\":\"WebSite\",\"@id\":\"https:\/\/ocaction.org\/#website\",\"url\":\"https:\/\/ocaction.org\/\",\"name\":\"OC Action\",\"description\":\"\",\"publisher\":{\"@id\":\"https:\/\/ocaction.org\/#organization\"},\"potentialAction\":[{\"@type\":\"SearchAction\",\"target\":{\"@type\":\"EntryPoint\",\"urlTemplate\":\"https:\/\/ocaction.org\/?s={search_term_string}\"},\"query-input\":{\"@type\":\"PropertyValueSpecification\",\"valueRequired\":true,\"valueName\":\"search_term_string\"}}],\"inLanguage\":\"es\"},{\"@type\":[\"Organization\",\"Place\"],\"@id\":\"https:\/\/ocaction.org\/#organization\",\"name\":\"OC Action\",\"url\":\"https:\/\/ocaction.org\/\",\"logo\":{\"@id\":\"https:\/\/ocaction.org\/give\/#local-main-organization-logo\"},\"image\":{\"@id\":\"https:\/\/ocaction.org\/give\/#local-main-organization-logo\"},\"telephone\":[],\"openingHoursSpecification\":[{\"@type\":\"OpeningHoursSpecification\",\"dayOfWeek\":[\"Monday\",\"Tuesday\",\"Wednesday\",\"Thursday\",\"Friday\",\"Saturday\",\"Sunday\"],\"opens\":\"09:00\",\"closes\":\"17:00\"}]},{\"@type\":\"ImageObject\",\"inLanguage\":\"es\",\"@id\":\"https:\/\/ocaction.org\/give\/#local-main-organization-logo\",\"url\":\"https:\/\/ocaction.org\/wp-content\/uploads\/sites\/8\/2025\/08\/OC-Action-Banner.png\",\"contentUrl\":\"https:\/\/ocaction.org\/wp-content\/uploads\/sites\/8\/2025\/08\/OC-Action-Banner.png\",\"width\":767,\"height\":190,\"caption\":\"OC Action\"}]}<\/script>\n<!-- \/ Yoast SEO Premium plugin. -->","yoast_head_json":{"title":"\u00danase al moviemiento - OC Action","robots":{"index":"index","follow":"follow","max-snippet":"max-snippet:-1","max-image-preview":"max-image-preview:large","max-video-preview":"max-video-preview:-1"},"canonical":"https:\/\/ocaction.org\/give\/","og_locale":"es_ES","og_type":"article","og_title":"\u00danase al moviemiento","og_description":"OC Action trabaja con organizaciones de base, no s\u00f3lo para promover la participaci\u00f3n a las elecciones, sino tambi\u00e9n para avanzar a lo largo de todo el a\u00f1o el trabajo organizativo que es esencial para el poder pol\u00edtico de nuestras comunidades. \u00a1Haga una donaci\u00f3n hoy! NOTE: Contributions to OC Action, a 501(c)(4) organization, are not deductible [&hellip;]","og_url":"https:\/\/ocaction.org\/give\/","og_site_name":"OC Action","article_modified_time":"2025-02-07T06:16:54+00:00","twitter_card":"summary_large_image","twitter_misc":{"Tiempo de lectura":"1 minuto"},"schema":{"@context":"https:\/\/schema.org","@graph":[{"@type":"WebPage","@id":"https:\/\/ocaction.org\/give\/","url":"https:\/\/ocaction.org\/give\/","name":"\u00danase al moviemiento - OC Action","isPartOf":{"@id":"https:\/\/ocaction.org\/#website"},"datePublished":"2020-08-04T17:33:21+00:00","dateModified":"2025-02-07T06:16:54+00:00","breadcrumb":{"@id":"https:\/\/ocaction.org\/give\/#breadcrumb"},"inLanguage":"es","potentialAction":[{"@type":"ReadAction","target":["https:\/\/ocaction.org\/give\/"]}]},{"@type":"BreadcrumbList","@id":"https:\/\/ocaction.org\/give\/#breadcrumb","itemListElement":[{"@type":"ListItem","position":1,"name":"Home","item":"https:\/\/ocaction.org\/"},{"@type":"ListItem","position":2,"name":"\u00danase al moviemiento"}]},{"@type":"WebSite","@id":"https:\/\/ocaction.org\/#website","url":"https:\/\/ocaction.org\/","name":"OC Action","description":"","publisher":{"@id":"https:\/\/ocaction.org\/#organization"},"potentialAction":[{"@type":"SearchAction","target":{"@type":"EntryPoint","urlTemplate":"https:\/\/ocaction.org\/?s={search_term_string}"},"query-input":{"@type":"PropertyValueSpecification","valueRequired":true,"valueName":"search_term_string"}}],"inLanguage":"es"},{"@type":["Organization","Place"],"@id":"https:\/\/ocaction.org\/#organization","name":"OC Action","url":"https:\/\/ocaction.org\/","logo":{"@id":"https:\/\/ocaction.org\/give\/#local-main-organization-logo"},"image":{"@id":"https:\/\/ocaction.org\/give\/#local-main-organization-logo"},"telephone":[],"openingHoursSpecification":[{"@type":"OpeningHoursSpecification","dayOfWeek":["Monday","Tuesday","Wednesday","Thursday","Friday","Saturday","Sunday"],"opens":"09:00","closes":"17:00"}]},{"@type":"ImageObject","inLanguage":"es","@id":"https:\/\/ocaction.org\/give\/#local-main-organization-logo","url":"https:\/\/ocaction.org\/wp-content\/uploads\/sites\/8\/2025\/08\/OC-Action-Banner.png","contentUrl":"https:\/\/ocaction.org\/wp-content\/uploads\/sites\/8\/2025\/08\/OC-Action-Banner.png","width":767,"height":190,"caption":"OC Action"}]}},"_links":{"self":[{"href":"https:\/\/ocaction.org\/es\/wp-json\/wp\/v2\/pages\/2185","targetHints":{"allow":["GET"]}}],"collection":[{"href":"https:\/\/ocaction.org\/es\/wp-json\/wp\/v2\/pages"}],"about":[{"href":"https:\/\/ocaction.org\/es\/wp-json\/wp\/v2\/types\/page"}],"author":[{"embeddable":true,"href":"https:\/\/ocaction.org\/es\/wp-json\/wp\/v2\/users\/1"}],"replies":[{"embeddable":true,"href":"https:\/\/ocaction.org\/es\/wp-json\/wp\/v2\/comments?post=2185"}],"version-history":[{"count":1,"href":"https:\/\/ocaction.org\/es\/wp-json\/wp\/v2\/pages\/2185\/revisions"}],"predecessor-version":[{"id":6415,"href":"https:\/\/ocaction.org\/es\/wp-json\/wp\/v2\/pages\/2185\/revisions\/6415"}],"wp:attachment":[{"href":"https:\/\/ocaction.org\/es\/wp-json\/wp\/v2\/media?parent=2185"}],"curies":[{"name":"wp","href":"https:\/\/api.w.org\/{rel}","templated":true}]}}