{"id":2462,"date":"2020-10-10T10:17:18","date_gmt":"2020-10-10T17:17:18","guid":{"rendered":"https:\/\/ocaction.org\/?page_id=2462"},"modified":"2025-02-07T06:16:56","modified_gmt":"2025-02-07T06:16:56","slug":"cd48","status":"publish","type":"page","link":"https:\/\/ocaction.org\/es\/c\/cd48\/","title":{"rendered":"Districto Congresional 48"},"content":{"rendered":"\n<div class=\"wp-block-media-text alignwide has-media-on-the-right is-stacked-on-mobile is-vertically-aligned-center\" style=\"grid-template-columns:auto 45%\"><figure class=\"wp-block-media-text__media\"><img fetchpriority=\"high\" decoding=\"async\" width=\"1024\" height=\"1024\" src=\"http:\/\/ocaction.org\/wp-content\/uploads\/sites\/8\/2020\/09\/Card2-1024x1024.jpg\" alt=\"\" class=\"wp-image-1545\" srcset=\"https:\/\/ocaction.org\/wp-content\/uploads\/sites\/8\/2020\/09\/Card2-1024x1024.jpg 1024w, https:\/\/ocaction.org\/wp-content\/uploads\/sites\/8\/2020\/09\/Card2-300x300.jpg 300w, https:\/\/ocaction.org\/wp-content\/uploads\/sites\/8\/2020\/09\/Card2-150x150.jpg 150w, https:\/\/ocaction.org\/wp-content\/uploads\/sites\/8\/2020\/09\/Card2-768x768.jpg 768w, https:\/\/ocaction.org\/wp-content\/uploads\/sites\/8\/2020\/09\/Card2.jpg 1080w\" sizes=\"(max-width: 1024px) 100vw, 1024px\" \/><\/figure><div class=\"wp-block-media-text__content\">\n<div class=\"wp-block-columns is-layout-flex wp-container-core-columns-is-layout-9d6595d7 wp-block-columns-is-layout-flex\">\n<div class=\"wp-block-column is-layout-flow wp-block-column-is-layout-flow\">\n<figure class=\"wp-block-image size-large is-style-default\"><img decoding=\"async\" src=\"http:\/\/ocaction.org\/wp-content\/uploads\/sites\/8\/2020\/09\/Candidate-Check.png\" alt=\"\" class=\"wp-image-2218\" \/><\/figure>\n\n\n\n<p><strong>Harley Rouda<\/strong> (D) es una persona de negocios y el presente representante del distrito, y se ha postulado para su reelecci\u00f3n como candidato dem\u00f3crata.<\/p>\n\n\n\n<p>OCCET Action recomienda a Harley Rouda.<\/p>\n<\/div>\n\n\n\n<div class=\"wp-block-column is-layout-flow wp-block-column-is-layout-flow\">\n<figure class=\"wp-block-image size-large is-style-rounded\"><img decoding=\"async\" width=\"200\" height=\"200\" src=\"http:\/\/ocaction.org\/wp-content\/uploads\/sites\/8\/2020\/09\/Michelle-Steel-VotersEdge.png\" alt=\"\" class=\"wp-image-2066\" srcset=\"https:\/\/ocaction.org\/wp-content\/uploads\/sites\/8\/2020\/09\/Michelle-Steel-VotersEdge.png 200w, https:\/\/ocaction.org\/wp-content\/uploads\/sites\/8\/2020\/09\/Michelle-Steel-VotersEdge-150x150.png 150w\" sizes=\"(max-width: 200px) 100vw, 200px\" \/><\/figure>\n\n\n\n<p><strong>Michelle Steel<\/strong> (R) es la supervisora del distrito 2 del condado de Orange, y es la candidata republicana.<\/p>\n<\/div>\n<\/div>\n\n\n\n<p class=\"has-large-font-size\"><\/p>\n<\/div><\/div>\n\n\n\n<div class=\"wp-block-cover alignwide has-background-dim-70 has-background-dim is-position-center-center\" style=\"background-image:url(http:\/\/ocaction.org\/wp-content\/uploads\/sites\/8\/2020\/09\/Thinking-person-relief.png);background-color:#3a94c1;background-position:0% 0%;min-height:150px;aspect-ratio:unset;\"><div class=\"wp-block-cover__inner-container is-layout-flow wp-block-cover-is-layout-flow\">\n<h3 class=\"has-text-align-center wp-block-heading\">\u00bfQui\u00e9n respalda a cada candidato?<\/h3>\n<\/div><\/div>\n\n\n\n<div class=\"wp-block-columns alignwide is-layout-flex wp-container-core-columns-is-layout-9d6595d7 wp-block-columns-is-layout-flex\">\n<div class=\"wp-block-column is-layout-flow wp-block-column-is-layout-flow\">\n<h4 class=\"wp-block-heading\">Respaldan a Harley Rouda<\/h4>\n\n\n\n<ul class=\"wp-block-list\"><li>California Professional Firefighters<\/li><li>California Federation of Teachers<\/li><li>Sierra Club<\/li><\/ul>\n\n\n\n<div class=\"wp-block-buttons is-layout-flex wp-block-buttons-is-layout-flex\">\n<div class=\"wp-block-button is-style-outline is-style-outline--1\"><a class=\"wp-block-button__link\" href=\"https:\/\/harleyforcongress.com\/endorsements\/\">Ver lista completa<\/a><\/div>\n<\/div>\n<\/div>\n\n\n\n<div class=\"wp-block-column is-layout-flow wp-block-column-is-layout-flow\">\n<h4 class=\"wp-block-heading\">Respaldan a Michelle Steel<\/h4>\n\n\n\n<ul class=\"wp-block-list\"><li>Orange County Sheriff Don Barnes<\/li><li>Former U.S. Representative Dana Rohrabacher (CA-48)<\/li><li>Howard Jarvis Taxpayers Association PAC<\/li><\/ul>\n\n\n\n<div class=\"wp-block-buttons is-layout-flex wp-block-buttons-is-layout-flex\">\n<div class=\"wp-block-button is-style-outline is-style-outline--2\"><a class=\"wp-block-button__link\" href=\"https:\/\/www.michellesteelca.com\/endorsements\/\">Ver lista completa<\/a><\/div>\n<\/div>\n<\/div>\n\n\n\n<div class=\"wp-block-column is-layout-flow wp-block-column-is-layout-flow\">\n<figure class=\"wp-block-image size-large\"><img decoding=\"async\" width=\"1024\" height=\"897\" src=\"http:\/\/ocaction.org\/wp-content\/uploads\/sites\/8\/2020\/09\/Handshake-196972371-Copy-1024x897.jpeg\" alt=\"\" class=\"wp-image-1834\" srcset=\"https:\/\/ocaction.org\/wp-content\/uploads\/sites\/8\/2020\/09\/Handshake-196972371-Copy-1024x897.jpeg 1024w, https:\/\/ocaction.org\/wp-content\/uploads\/sites\/8\/2020\/09\/Handshake-196972371-Copy-300x263.jpeg 300w, https:\/\/ocaction.org\/wp-content\/uploads\/sites\/8\/2020\/09\/Handshake-196972371-Copy-768x673.jpeg 768w, https:\/\/ocaction.org\/wp-content\/uploads\/sites\/8\/2020\/09\/Handshake-196972371-Copy.jpeg 1187w\" sizes=\"(max-width: 1024px) 100vw, 1024px\" \/><\/figure>\n<\/div>\n<\/div>\n\n\n\n<div class=\"wp-block-cover alignwide has-background-dim-70 has-background-dim is-position-center-center\" style=\"background-image:url(http:\/\/ocaction.org\/wp-content\/uploads\/sites\/8\/2020\/09\/Thinking-person-relief.png);background-color:#3a94c1;background-position:0% 52%;min-height:300px;aspect-ratio:unset;\"><div class=\"wp-block-cover__inner-container is-layout-flow wp-block-cover-is-layout-flow\">\n<h3 class=\"has-text-align-center wp-block-heading\">\u00bfQu\u00e9 diferencias de pol\u00edtica p\u00fablica tienen Rouda y Steele?<\/h3>\n<\/div><\/div>\n\n\n\n<div class=\"wp-block-media-text alignwide has-media-on-the-right is-stacked-on-mobile is-vertically-aligned-bottom is-image-fill borderbox\" style=\"grid-template-columns:auto 38%\"><figure class=\"wp-block-media-text__media\" style=\"background-image:url(https:\/\/ocaction.org\/wp-content\/uploads\/sites\/56\/2020\/07\/Doctor-320062415-1024x681.jpeg);background-position:66% 46%\"><img decoding=\"async\" src=\"https:\/\/ocaction.org\/wp-content\/uploads\/sites\/56\/2020\/07\/Doctor-320062415-1024x681.jpeg\" alt=\"\" class=\"wp-image-236\" \/><\/figure><div class=\"wp-block-media-text__content\">\n<h4 class=\"has-text-align-left has-background-color has-text-color has-background wp-block-heading\" style=\"background-color:#82c5e6\">Acceso a Salud<\/h4>\n\n\n\n<p class=\"has-small-font-size\">\u00bfCree que necesitamos un sistema de salud de pagador \u00fanico para proveer de un cuidado m\u00e1s extenso y completo para todos los miembros de nuestra comunidad?<\/p>\n\n\n\n<div class=\"wp-block-columns is-layout-flex wp-container-core-columns-is-layout-9d6595d7 wp-block-columns-is-layout-flex\">\n<div class=\"wp-block-column is-layout-flow wp-block-column-is-layout-flow\">\n<p class=\"has-larger-font-size\"><strong>Rouda: <span style=\"color:#076c11\" class=\"has-inline-color\">S\u00ed<\/span><\/strong><\/p>\n\n\n\n<p>Harley Rouda <a href=\"https:\/\/www.ontheissues.org\/CA\/Harley_Rouda_Health_Care.htm\">apoya<\/a> la ley de seguro de salud Obamacare (ACA) y apoya la expansi\u00f3n de <a href=\"https:\/\/ballotpedia.org\/California%27s_48th_Congressional_District_election,_2020_(March_3_top-two_primary)\">Medicare para todos<\/a> como una soluci\u00f3n a largo plazo a la crisis de salud. Rouda <a href=\"https:\/\/rouda.house.gov\/media\/in-the-news\/masks-are-critical-safely-reopening-and-avoiding-future-lockdowns-harley-rouda\">urgi\u00f3<\/a> a las personas a usar mascarillas durante la crisis del coronavirus.<\/p>\n<\/div>\n\n\n\n<div class=\"wp-block-column is-layout-flow wp-block-column-is-layout-flow\">\n<p class=\"has-larger-font-size\"><strong>Steel: <span style=\"color:#c80909\" class=\"has-inline-color\">No<\/span><\/strong><\/p>\n\n\n\n<p>Michelle Steel <a href=\"https:\/\/www.ocregister.com\/2014\/01\/20\/michelle-steel-growing-the-ranks-of-the-uninsured\/\">apoya<\/a> bloquear la implementaci\u00f3n de la ley de seguro de salud Obamacare (ACA) y propone alternativas \u00abde mercado\u00bb. Tambi\u00e9n se opuso a requerir el uso de mascarillas en el condado durante la crisis del coronavirus.<\/p>\n<\/div>\n<\/div>\n\n\n\n<p class=\"has-large-font-size\"><\/p>\n<\/div><\/div>\n\n\n\n<div class=\"wp-block-media-text alignwide has-media-on-the-right is-stacked-on-mobile is-vertically-aligned-bottom is-image-fill borderbox\" style=\"grid-template-columns:auto 38%\"><figure class=\"wp-block-media-text__media\" style=\"background-image:url(http:\/\/ocaction.org\/wp-content\/uploads\/sites\/8\/2020\/09\/Moving-house-107451300-Copy-1024x755.jpeg);background-position:50% 50%\"><img loading=\"lazy\" decoding=\"async\" width=\"1024\" height=\"755\" src=\"http:\/\/ocaction.org\/wp-content\/uploads\/sites\/8\/2020\/09\/Moving-house-107451300-Copy-1024x755.jpeg\" alt=\"\" class=\"wp-image-1539\" srcset=\"https:\/\/ocaction.org\/wp-content\/uploads\/sites\/8\/2020\/09\/Moving-house-107451300-Copy-1024x755.jpeg 1024w, https:\/\/ocaction.org\/wp-content\/uploads\/sites\/8\/2020\/09\/Moving-house-107451300-Copy-300x221.jpeg 300w, https:\/\/ocaction.org\/wp-content\/uploads\/sites\/8\/2020\/09\/Moving-house-107451300-Copy-768x566.jpeg 768w, https:\/\/ocaction.org\/wp-content\/uploads\/sites\/8\/2020\/09\/Moving-house-107451300-Copy-1536x1133.jpeg 1536w, https:\/\/ocaction.org\/wp-content\/uploads\/sites\/8\/2020\/09\/Moving-house-107451300-Copy-1200x885.jpeg 1200w, https:\/\/ocaction.org\/wp-content\/uploads\/sites\/8\/2020\/09\/Moving-house-107451300-Copy.jpeg 1920w\" sizes=\"(max-width: 1024px) 100vw, 1024px\" \/><\/figure><div class=\"wp-block-media-text__content\">\n<h4 class=\"has-text-align-left has-background-color has-text-color has-background wp-block-heading\" style=\"background-color:#82c5e6\">Viviendas Asequibles<\/h4>\n\n\n\n<p class=\"has-small-font-size\">\u00bfCree que se deben usar fondos federales para aumentar la disponibilidad de viviendas asequibles en el condado?<\/p>\n\n\n\n<div class=\"wp-block-columns is-layout-flex wp-container-core-columns-is-layout-9d6595d7 wp-block-columns-is-layout-flex\">\n<div class=\"wp-block-column is-layout-flow wp-block-column-is-layout-flow\">\n<p class=\"has-larger-font-size\"><strong>Rouda: <span style=\"color:#076c11\" class=\"has-inline-color\">S\u00ed<\/span><\/strong><\/p>\n\n\n\n<p>Harley Rouda <a href=\"https:\/\/harleyforcongress.com\/media-center\/affordable-housing-is-in-a-crisis\/\">apoya<\/a> hacer trabajar a agencias federales y locales para aumentar viviendas asequibles y mejorar otras condiciones de vida que influyen la disponibilidad de viviendas.<\/p>\n<\/div>\n\n\n\n<div class=\"wp-block-column is-layout-flow wp-block-column-is-layout-flow\">\n<p class=\"has-larger-font-size\"><strong>Steel: <span style=\"color:#c80909\" class=\"has-inline-color\">No<\/span><\/strong><\/p>\n\n\n\n<p>Michelle Steel <a href=\"https:\/\/www.ocregister.com\/2018\/07\/07\/orange-county-housing-finance-trust-unnecessary-at-best\/\">se opuso<\/a> a crear una agencia dedicada a encontrar recursos de viviendas para personas desalojadas y de bajos ingresos.<\/p>\n<\/div>\n<\/div>\n\n\n\n<p class=\"has-large-font-size\"><\/p>\n<\/div><\/div>\n\n\n\n<div class=\"wp-block-media-text alignwide has-media-on-the-right is-stacked-on-mobile is-vertically-aligned-bottom is-image-fill borderbox\" style=\"grid-template-columns:auto 38%\"><figure class=\"wp-block-media-text__media\" style=\"background-image:url(http:\/\/ocaction.org\/wp-content\/uploads\/sites\/8\/2020\/09\/Hands-together-340801412-Copy-1024x683.jpeg);background-position:50% 50%\"><img loading=\"lazy\" decoding=\"async\" width=\"1024\" height=\"683\" src=\"http:\/\/ocaction.org\/wp-content\/uploads\/sites\/8\/2020\/09\/Hands-together-340801412-Copy-1024x683.jpeg\" alt=\"\" class=\"wp-image-1551\" srcset=\"https:\/\/ocaction.org\/wp-content\/uploads\/sites\/8\/2020\/09\/Hands-together-340801412-Copy-1024x683.jpeg 1024w, https:\/\/ocaction.org\/wp-content\/uploads\/sites\/8\/2020\/09\/Hands-together-340801412-Copy-300x200.jpeg 300w, https:\/\/ocaction.org\/wp-content\/uploads\/sites\/8\/2020\/09\/Hands-together-340801412-Copy-768x512.jpeg 768w, https:\/\/ocaction.org\/wp-content\/uploads\/sites\/8\/2020\/09\/Hands-together-340801412-Copy-1536x1024.jpeg 1536w, https:\/\/ocaction.org\/wp-content\/uploads\/sites\/8\/2020\/09\/Hands-together-340801412-Copy-1200x800.jpeg 1200w, https:\/\/ocaction.org\/wp-content\/uploads\/sites\/8\/2020\/09\/Hands-together-340801412-Copy.jpeg 1920w\" sizes=\"(max-width: 1024px) 100vw, 1024px\" \/><\/figure><div class=\"wp-block-media-text__content\">\n<h4 class=\"has-text-align-left has-background-color has-text-color has-background wp-block-heading\" style=\"background-color:#82c5e6\">Protecci\u00f3n a Inmigrantes<\/h4>\n\n\n\n<p class=\"has-small-font-size\">\u00bfApoya la ley de ciudades santuario que protegen a los inmigrantes de la deportaci\u00f3n y hacen que lugares p\u00fablicos sean m\u00e1s seguros para toda la comunidad?<\/p>\n\n\n\n<div class=\"wp-block-columns is-layout-flex wp-container-core-columns-is-layout-9d6595d7 wp-block-columns-is-layout-flex\">\n<div class=\"wp-block-column is-layout-flow wp-block-column-is-layout-flow\">\n<p class=\"has-larger-font-size\"><strong>Rouda: <span style=\"color:#076c11\" class=\"has-inline-color\">S\u00ed<\/span><\/strong><\/p>\n\n\n\n<p>Harley Rouda apoya establecer ciudades santuario en el condado de Orange.<\/p>\n<\/div>\n\n\n\n<div class=\"wp-block-column is-layout-flow wp-block-column-is-layout-flow\">\n<p class=\"has-larger-font-size\"><strong>Steel: <span style=\"color:#c80909\" class=\"has-inline-color\">No<\/span><\/strong><\/p>\n\n\n\n<p>Michelle Steel se opone a la ley de Santuario de California, y lo critic\u00f3 como \u00ab<a href=\"https:\/\/www.latimes.com\/socal\/daily-pilot\/news\/tn-dpt-me-steel-20190503-story.html\">completamente inconstitucional<\/a>\u00ab.<\/p>\n<\/div>\n<\/div>\n\n\n\n<p class=\"has-large-font-size\"><\/p>\n<\/div><\/div>\n\n\n\n<div class=\"wp-block-columns alignwide is-layout-flex wp-container-core-columns-is-layout-9d6595d7 wp-block-columns-is-layout-flex\">\n<div class=\"wp-block-column is-layout-flow wp-block-column-is-layout-flow\"><\/div>\n<\/div>\n\n\n\n<div class=\"wp-block-cover alignfull has-background-dim-80 has-background-dim has-custom-content-position is-position-bottom-center\" style=\"background-image:url(http:\/\/ocaction.org\/wp-content\/uploads\/sites\/8\/2020\/09\/US-House-Session-Copy.jpg);background-color:#347ace;background-position:54% 66%;min-height:600px;aspect-ratio:unset;\"><div class=\"wp-block-cover__inner-container is-layout-flow wp-block-cover-is-layout-flow\">\n<div class=\"wp-block-media-text alignwide has-media-on-the-right is-stacked-on-mobile is-vertically-aligned-center\" style=\"grid-template-columns:auto 33%\"><figure class=\"wp-block-media-text__media\"><img decoding=\"async\" src=\"https:\/\/ocaction.org\/wp-content\/uploads\/sites\/56\/2020\/08\/CD48-Map-e1599104912175.png\" alt=\"\" class=\"wp-image-974\" \/><\/figure><div class=\"wp-block-media-text__content\">\n<h2 class=\"has-text-align-right wp-block-heading\" id=\"congress\">Congreso Federal<\/h2>\n\n\n\n<p class=\"has-small-font-size\">Los representantes de la C\u00e1mara de Representantes sirven en per\u00edodos de dos a\u00f1os. Crean leyes y aprueban el presupuesto federal.<\/p>\n\n\n\n<p class=\"has-small-font-size\">El <a href=\"https:\/\/es.wikipedia.org\/wiki\/48.%C2%BA_distrito_congresional_de_California\"><span class=\"has-inline-color has-background-color\">distrito congresional n\u00famero 48<\/span><\/a> de California abarca la mayor\u00eda de la costa del condado, extendi\u00e9ndose desde Seal Beach y Westminster hasta Laguna Beach y Aliso Viejo. Incluye las ciudades de Sunset Beach, Huntington Beach, Midway City, Fountain Valley, Costa Mesa, Newport Beach, y parcialmente Garden Grove, Santa Ana, San Juan Capistrano, Aliso Viejo y Laguna Niguel.<\/p>\n<\/div><\/div>\n<\/div><\/div>\n\n\n","protected":false},"excerpt":{"rendered":"<p>Respaldan a Harley Rouda California Professional Firefighters California Federation of Teachers Sierra Club Respaldan a Michelle Steel Orange County Sheriff Don Barnes Former U.S. Representative Dana Rohrabacher (CA-48) Howard Jarvis Taxpayers Association PAC<\/p>\n","protected":false},"author":1,"featured_media":0,"parent":2450,"menu_order":0,"comment_status":"closed","ping_status":"closed","template":"","meta":{"footnotes":""},"class_list":["post-2462","page","type-page","status-publish","hentry"],"yoast_head":"<!-- This site is optimized with the Yoast SEO Premium plugin v25.6 (Yoast SEO v25.6) - https:\/\/yoast.com\/wordpress\/plugins\/seo\/ -->\n<title>Districto Congresional 48 - OC Action<\/title>\n<meta name=\"robots\" content=\"index, follow, max-snippet:-1, max-image-preview:large, max-video-preview:-1\" \/>\n<link rel=\"canonical\" href=\"https:\/\/ocaction.org\/c\/cd48\/\" \/>\n<meta property=\"og:locale\" content=\"es_ES\" \/>\n<meta property=\"og:type\" content=\"article\" \/>\n<meta property=\"og:title\" content=\"Districto Congresional 48\" \/>\n<meta property=\"og:description\" content=\"Respaldan a Harley Rouda California Professional Firefighters California Federation of Teachers Sierra Club Respaldan a Michelle Steel Orange County Sheriff Don Barnes Former U.S. Representative Dana Rohrabacher (CA-48) Howard Jarvis Taxpayers Association PAC\" \/>\n<meta property=\"og:url\" content=\"https:\/\/ocaction.org\/c\/cd48\/\" \/>\n<meta property=\"og:site_name\" content=\"OC Action\" \/>\n<meta property=\"article:modified_time\" content=\"2025-02-07T06:16:56+00:00\" \/>\n<meta property=\"og:image\" content=\"https:\/\/ocaction.org\/wp-content\/uploads\/sites\/8\/2020\/09\/Card2.jpg\" \/>\n\t<meta property=\"og:image:width\" content=\"1080\" \/>\n\t<meta property=\"og:image:height\" content=\"1080\" \/>\n\t<meta property=\"og:image:type\" content=\"image\/jpeg\" \/>\n<meta name=\"twitter:card\" content=\"summary_large_image\" \/>\n<meta name=\"twitter:label1\" content=\"Tiempo de lectura\" \/>\n\t<meta name=\"twitter:data1\" content=\"2 minutos\" \/>\n<script type=\"application\/ld+json\" class=\"yoast-schema-graph\">{\"@context\":\"https:\/\/schema.org\",\"@graph\":[{\"@type\":\"WebPage\",\"@id\":\"https:\/\/ocaction.org\/c\/cd48\/\",\"url\":\"https:\/\/ocaction.org\/c\/cd48\/\",\"name\":\"Districto Congresional 48 - OC Action\",\"isPartOf\":{\"@id\":\"https:\/\/ocaction.org\/#website\"},\"primaryImageOfPage\":{\"@id\":\"https:\/\/ocaction.org\/c\/cd48\/#primaryimage\"},\"image\":{\"@id\":\"https:\/\/ocaction.org\/c\/cd48\/#primaryimage\"},\"thumbnailUrl\":\"http:\/\/ocaction.org\/wp-content\/uploads\/sites\/8\/2020\/09\/Card2-1024x1024.jpg\",\"datePublished\":\"2020-10-10T17:17:18+00:00\",\"dateModified\":\"2025-02-07T06:16:56+00:00\",\"breadcrumb\":{\"@id\":\"https:\/\/ocaction.org\/c\/cd48\/#breadcrumb\"},\"inLanguage\":\"es\",\"potentialAction\":[{\"@type\":\"ReadAction\",\"target\":[\"https:\/\/ocaction.org\/c\/cd48\/\"]}]},{\"@type\":\"ImageObject\",\"inLanguage\":\"es\",\"@id\":\"https:\/\/ocaction.org\/c\/cd48\/#primaryimage\",\"url\":\"http:\/\/ocaction.org\/wp-content\/uploads\/sites\/8\/2020\/09\/Card2-1024x1024.jpg\",\"contentUrl\":\"http:\/\/ocaction.org\/wp-content\/uploads\/sites\/8\/2020\/09\/Card2-1024x1024.jpg\"},{\"@type\":\"BreadcrumbList\",\"@id\":\"https:\/\/ocaction.org\/c\/cd48\/#breadcrumb\",\"itemListElement\":[{\"@type\":\"ListItem\",\"position\":1,\"name\":\"Home\",\"item\":\"https:\/\/ocaction.org\/\"},{\"@type\":\"ListItem\",\"position\":2,\"name\":\"Candidate Subpages\",\"item\":\"https:\/\/ocaction.org\/c\/\"},{\"@type\":\"ListItem\",\"position\":3,\"name\":\"Districto Congresional 48\"}]},{\"@type\":\"WebSite\",\"@id\":\"https:\/\/ocaction.org\/#website\",\"url\":\"https:\/\/ocaction.org\/\",\"name\":\"OC Action\",\"description\":\"\",\"publisher\":{\"@id\":\"https:\/\/ocaction.org\/#organization\"},\"potentialAction\":[{\"@type\":\"SearchAction\",\"target\":{\"@type\":\"EntryPoint\",\"urlTemplate\":\"https:\/\/ocaction.org\/?s={search_term_string}\"},\"query-input\":{\"@type\":\"PropertyValueSpecification\",\"valueRequired\":true,\"valueName\":\"search_term_string\"}}],\"inLanguage\":\"es\"},{\"@type\":[\"Organization\",\"Place\"],\"@id\":\"https:\/\/ocaction.org\/#organization\",\"name\":\"OC Action\",\"url\":\"https:\/\/ocaction.org\/\",\"logo\":{\"@id\":\"https:\/\/ocaction.org\/c\/cd48\/#local-main-organization-logo\"},\"image\":{\"@id\":\"https:\/\/ocaction.org\/c\/cd48\/#local-main-organization-logo\"},\"telephone\":[],\"openingHoursSpecification\":[{\"@type\":\"OpeningHoursSpecification\",\"dayOfWeek\":[\"Monday\",\"Tuesday\",\"Wednesday\",\"Thursday\",\"Friday\",\"Saturday\",\"Sunday\"],\"opens\":\"09:00\",\"closes\":\"17:00\"}]},{\"@type\":\"ImageObject\",\"inLanguage\":\"es\",\"@id\":\"https:\/\/ocaction.org\/c\/cd48\/#local-main-organization-logo\",\"url\":\"https:\/\/ocaction.org\/wp-content\/uploads\/sites\/8\/2025\/08\/OC-Action-Banner.png\",\"contentUrl\":\"https:\/\/ocaction.org\/wp-content\/uploads\/sites\/8\/2025\/08\/OC-Action-Banner.png\",\"width\":767,\"height\":190,\"caption\":\"OC Action\"}]}<\/script>\n<!-- \/ Yoast SEO Premium plugin. -->","yoast_head_json":{"title":"Districto Congresional 48 - OC Action","robots":{"index":"index","follow":"follow","max-snippet":"max-snippet:-1","max-image-preview":"max-image-preview:large","max-video-preview":"max-video-preview:-1"},"canonical":"https:\/\/ocaction.org\/c\/cd48\/","og_locale":"es_ES","og_type":"article","og_title":"Districto Congresional 48","og_description":"Respaldan a Harley Rouda California Professional Firefighters California Federation of Teachers Sierra Club Respaldan a Michelle Steel Orange County Sheriff Don Barnes Former U.S. Representative Dana Rohrabacher (CA-48) Howard Jarvis Taxpayers Association PAC","og_url":"https:\/\/ocaction.org\/c\/cd48\/","og_site_name":"OC Action","article_modified_time":"2025-02-07T06:16:56+00:00","og_image":[{"width":1080,"height":1080,"url":"https:\/\/ocaction.org\/wp-content\/uploads\/sites\/8\/2020\/09\/Card2.jpg","type":"image\/jpeg"}],"twitter_card":"summary_large_image","twitter_misc":{"Tiempo de lectura":"2 minutos"},"schema":{"@context":"https:\/\/schema.org","@graph":[{"@type":"WebPage","@id":"https:\/\/ocaction.org\/c\/cd48\/","url":"https:\/\/ocaction.org\/c\/cd48\/","name":"Districto Congresional 48 - OC Action","isPartOf":{"@id":"https:\/\/ocaction.org\/#website"},"primaryImageOfPage":{"@id":"https:\/\/ocaction.org\/c\/cd48\/#primaryimage"},"image":{"@id":"https:\/\/ocaction.org\/c\/cd48\/#primaryimage"},"thumbnailUrl":"http:\/\/ocaction.org\/wp-content\/uploads\/sites\/8\/2020\/09\/Card2-1024x1024.jpg","datePublished":"2020-10-10T17:17:18+00:00","dateModified":"2025-02-07T06:16:56+00:00","breadcrumb":{"@id":"https:\/\/ocaction.org\/c\/cd48\/#breadcrumb"},"inLanguage":"es","potentialAction":[{"@type":"ReadAction","target":["https:\/\/ocaction.org\/c\/cd48\/"]}]},{"@type":"ImageObject","inLanguage":"es","@id":"https:\/\/ocaction.org\/c\/cd48\/#primaryimage","url":"http:\/\/ocaction.org\/wp-content\/uploads\/sites\/8\/2020\/09\/Card2-1024x1024.jpg","contentUrl":"http:\/\/ocaction.org\/wp-content\/uploads\/sites\/8\/2020\/09\/Card2-1024x1024.jpg"},{"@type":"BreadcrumbList","@id":"https:\/\/ocaction.org\/c\/cd48\/#breadcrumb","itemListElement":[{"@type":"ListItem","position":1,"name":"Home","item":"https:\/\/ocaction.org\/"},{"@type":"ListItem","position":2,"name":"Candidate Subpages","item":"https:\/\/ocaction.org\/c\/"},{"@type":"ListItem","position":3,"name":"Districto Congresional 48"}]},{"@type":"WebSite","@id":"https:\/\/ocaction.org\/#website","url":"https:\/\/ocaction.org\/","name":"OC Action","description":"","publisher":{"@id":"https:\/\/ocaction.org\/#organization"},"potentialAction":[{"@type":"SearchAction","target":{"@type":"EntryPoint","urlTemplate":"https:\/\/ocaction.org\/?s={search_term_string}"},"query-input":{"@type":"PropertyValueSpecification","valueRequired":true,"valueName":"search_term_string"}}],"inLanguage":"es"},{"@type":["Organization","Place"],"@id":"https:\/\/ocaction.org\/#organization","name":"OC Action","url":"https:\/\/ocaction.org\/","logo":{"@id":"https:\/\/ocaction.org\/c\/cd48\/#local-main-organization-logo"},"image":{"@id":"https:\/\/ocaction.org\/c\/cd48\/#local-main-organization-logo"},"telephone":[],"openingHoursSpecification":[{"@type":"OpeningHoursSpecification","dayOfWeek":["Monday","Tuesday","Wednesday","Thursday","Friday","Saturday","Sunday"],"opens":"09:00","closes":"17:00"}]},{"@type":"ImageObject","inLanguage":"es","@id":"https:\/\/ocaction.org\/c\/cd48\/#local-main-organization-logo","url":"https:\/\/ocaction.org\/wp-content\/uploads\/sites\/8\/2025\/08\/OC-Action-Banner.png","contentUrl":"https:\/\/ocaction.org\/wp-content\/uploads\/sites\/8\/2025\/08\/OC-Action-Banner.png","width":767,"height":190,"caption":"OC Action"}]}},"_links":{"self":[{"href":"https:\/\/ocaction.org\/es\/wp-json\/wp\/v2\/pages\/2462","targetHints":{"allow":["GET"]}}],"collection":[{"href":"https:\/\/ocaction.org\/es\/wp-json\/wp\/v2\/pages"}],"about":[{"href":"https:\/\/ocaction.org\/es\/wp-json\/wp\/v2\/types\/page"}],"author":[{"embeddable":true,"href":"https:\/\/ocaction.org\/es\/wp-json\/wp\/v2\/users\/1"}],"replies":[{"embeddable":true,"href":"https:\/\/ocaction.org\/es\/wp-json\/wp\/v2\/comments?post=2462"}],"version-history":[{"count":1,"href":"https:\/\/ocaction.org\/es\/wp-json\/wp\/v2\/pages\/2462\/revisions"}],"predecessor-version":[{"id":6460,"href":"https:\/\/ocaction.org\/es\/wp-json\/wp\/v2\/pages\/2462\/revisions\/6460"}],"up":[{"embeddable":true,"href":"https:\/\/ocaction.org\/es\/wp-json\/wp\/v2\/pages\/2450"}],"wp:attachment":[{"href":"https:\/\/ocaction.org\/es\/wp-json\/wp\/v2\/media?parent=2462"}],"curies":[{"name":"wp","href":"https:\/\/api.w.org\/{rel}","templated":true}]}}