{"id":2467,"date":"2020-10-10T12:25:37","date_gmt":"2020-10-10T19:25:37","guid":{"rendered":"https:\/\/ocaction.org\/?page_id=2467"},"modified":"2025-02-07T06:16:56","modified_gmt":"2025-02-07T06:16:56","slug":"gardengrove","status":"publish","type":"page","link":"https:\/\/ocaction.org\/es\/c\/gardengrove\/","title":{"rendered":"Garden Grove"},"content":{"rendered":"\n<h3 class=\"has-text-align-center has-secondary-color has-text-color wp-block-heading\" id=\"gg2\">Concejal Distrito 2 de Garden Grove<\/h3>\n\n\n\n<div class=\"wp-block-columns alignwide is-layout-flex wp-container-core-columns-is-layout-9d6595d7 wp-block-columns-is-layout-flex\">\n<div class=\"wp-block-column is-layout-flow wp-block-column-is-layout-flow\">\n<p>OCCET Action recomienda a Julie Diep como concejal del distrito 2 de Garden Grove.<\/p>\n\n\n\n<p><strong>Julie Diep<\/strong> es due\u00f1a de negocio y terapeuta, y fund\u00f3 una organizaci\u00f3n para mejorar las vidas de aquellos con desabilidad del habla o autismo.<\/p>\n\n\n\n<p>Algunas de sus prioridades incluyen:<\/p>\n\n\n\n<ul class=\"wp-block-list\"><li>una <strong>recuperaci\u00f3n econ\u00f3mica<\/strong> que promueva los peque\u00f1os negocios y pleno empleo<\/li><li>calles que sean <strong>seguras para salir a caminar<\/strong><\/li><li><strong>parques p\u00fablicos<\/strong><\/li><\/ul>\n<\/div>\n\n\n\n<div class=\"wp-block-column is-vertically-aligned-top is-layout-flow wp-block-column-is-layout-flow\">\n<figure class=\"wp-block-image size-large\"><img decoding=\"async\" src=\"http:\/\/ocaction.org\/wp-content\/uploads\/sites\/8\/2020\/10\/Candidate-Check-rev30.png\" alt=\"\" class=\"wp-image-2354\" \/><\/figure>\n<\/div>\n\n\n\n<div class=\"wp-block-column is-vertically-aligned-top is-layout-flow wp-block-column-is-layout-flow\">\n<h4 class=\"has-secondary-color has-text-color wp-block-heading\">Respaldantes<\/h4>\n\n\n\n<p>Algunos de aquellos que respaldan a Julie Diep incluyen:<\/p>\n\n\n\n<ul class=\"wp-block-list\" id=\"block-478b7314-8ffd-4f41-af26-7f71bbec50ef\"><li>Democratic Party Local Chapter<\/li><\/ul>\n<\/div>\n<\/div>\n\n\n\n<div class=\"wp-block-cover alignfull has-background-dim\" style=\"background-color:#347ace;min-height:150px;aspect-ratio:unset;\"><div class=\"wp-block-cover__inner-container is-layout-flow wp-block-cover-is-layout-flow\">\n<p class=\"has-text-align-center has-large-font-size\"><\/p>\n<\/div><\/div>\n\n\n\n<h3 class=\"has-text-align-center has-secondary-color has-text-color wp-block-heading\" id=\"gg5\">Concejal Distrito 5 de Garden Grove<\/h3>\n\n\n\n<div class=\"wp-block-columns alignwide is-layout-flex wp-container-core-columns-is-layout-9d6595d7 wp-block-columns-is-layout-flex\">\n<div class=\"wp-block-column is-layout-flow wp-block-column-is-layout-flow\">\n<p>OCCET Action recomienda a Robert Tucker como concejal del distrito 5 de Garden Grove.<\/p>\n\n\n\n<p><strong>Robert Tucker<\/strong> es un representate sindical, retirado, queer, y activista local. Tucker trabaja en el distrito escolar como comisionado del personal, designado por el sindicato. Tucker est\u00e1 involucrado con el Concejo Juvenil de la Mesa de Desarrollo Sector Laboral de Sana Ana, y la Asociaci\u00f3n de Due\u00f1os de Casa (HOA) local.<\/p>\n\n\n\n<p>Algunas de sus prioridades incluyen:<\/p>\n\n\n\n<ul class=\"wp-block-list\"><li>asegurarse que Garden Grove <strong>enfoque su presupuesto en servicios comunitarios<\/strong>, en vez de asignar m\u00e1s de la mitad a la polic\u00eda<\/li><li>aumentar la <strong>promoci\u00f3n municipal en la comunidad latinx<\/strong><\/li><li>encarar los <strong>desaf\u00edos econ\u00f3micos<\/strong> que  nos deja la crisis del Coronavirus<\/li><\/ul>\n\n\n\n<p><\/p>\n<\/div>\n\n\n\n<div class=\"wp-block-column is-vertically-aligned-top is-layout-flow wp-block-column-is-layout-flow\">\n<figure class=\"wp-block-image size-large\"><img decoding=\"async\" src=\"https:\/\/ocaction.org\/wp-content\/uploads\/sites\/56\/2020\/10\/Candidate-Check-rev210.png\" alt=\"\" class=\"wp-image-2332\" \/><\/figure>\n<\/div>\n\n\n\n<div class=\"wp-block-column is-vertically-aligned-top is-layout-flow wp-block-column-is-layout-flow\">\n<h4 class=\"has-secondary-color has-text-color wp-block-heading\">Respaldantes<\/h4>\n\n\n\n<p>Algunos de aquellos que respaldan a Robert Tucker incluyen:<\/p>\n\n\n\n<ul class=\"wp-block-list\" id=\"block-478b7314-8ffd-4f41-af26-7f71bbec50ef\"><li>U.S. Representative Lou Correa (CA-46)<\/li><li>Kim Nguyen, Garden Grove City Council Distrct 6<\/li><li>Orange County Labor Federation<\/li><\/ul>\n\n\n\n<div class=\"wp-block-buttons is-layout-flex wp-block-buttons-is-layout-flex\">\n<div class=\"wp-block-button is-style-outline is-style-outline--1\"><a class=\"wp-block-button__link\" href=\"http:\/\/tucker4gardengrove.com\/\">Ver lista completa<\/a><\/div>\n<\/div>\n<\/div>\n<\/div>\n\n\n\n<div class=\"wp-block-cover alignfull has-background-dim is-position-center-center\" style=\"background-image:url(http:\/\/ocaction.org\/wp-content\/uploads\/sites\/8\/2020\/09\/Garden-Grove-Methodist-Church-Copy.jpg);background-color:#347ace;background-position:68% 49%;min-height:20px;aspect-ratio:unset;\"><div class=\"wp-block-cover__inner-container is-layout-flow wp-block-cover-is-layout-flow\">\n<div class=\"wp-block-media-text alignwide has-media-on-the-right is-stacked-on-mobile is-vertically-aligned-center\" style=\"grid-template-columns:auto 33%\"><figure class=\"wp-block-media-text__media\"><img fetchpriority=\"high\" decoding=\"async\" width=\"879\" height=\"666\" src=\"http:\/\/ocaction.org\/wp-content\/uploads\/sites\/8\/2020\/09\/Garden-Grove-Districts.png\" alt=\"\" class=\"wp-image-1713\" srcset=\"https:\/\/ocaction.org\/wp-content\/uploads\/sites\/8\/2020\/09\/Garden-Grove-Districts.png 879w, https:\/\/ocaction.org\/wp-content\/uploads\/sites\/8\/2020\/09\/Garden-Grove-Districts-300x227.png 300w, https:\/\/ocaction.org\/wp-content\/uploads\/sites\/8\/2020\/09\/Garden-Grove-Districts-768x582.png 768w\" sizes=\"(max-width: 879px) 100vw, 879px\" \/><\/figure><div class=\"wp-block-media-text__content\">\n<h2 class=\"has-text-align-right wp-block-heading\" id=\"gg\">Garden Grove<\/h2>\n\n\n\n<p>En Garden Grove hay seis concejales y un alcalde. Los concejales establecen pol\u00edticas p\u00fablicas, legislan ordenanzas, y crean el presupuesto. El concejo nombra a un administrador municipal, encargado con la administraci\u00f3n.<\/p>\n\n\n\n<p>Garden Grove transicion\u00f3 de elecciones por votaci\u00f3n generalizada (\u201cat-large\u201d) a distritos en 2016, en cumplimiento con la Ley de Derechos del Votante. El alcalde es electo \u00abat-large\u00bb.<\/p>\n\n\n\n<p>El <a href=\"https:\/\/ggcity.org\/city-clerk\/2020-general-election-information\"><span style=\"color:#ffea00\" class=\"has-inline-color\">alcalde y concejales para los Distritos 2, 5 y 6<\/span><\/a> ser\u00e1n electos en 2020.<\/p>\n<\/div><\/div>\n\n\n\n<p><\/p>\n<\/div><\/div>\n\n\n","protected":false},"excerpt":{"rendered":"<p>Concejal Distrito 2 de Garden Grove OCCET Action recomienda a Julie Diep como concejal del distrito 2 de Garden Grove. Julie Diep es due\u00f1a de negocio y terapeuta, y fund\u00f3 una organizaci\u00f3n para mejorar las vidas de aquellos con desabilidad del habla o autismo. Algunas de sus prioridades incluyen: una recuperaci\u00f3n econ\u00f3mica que promueva los [&hellip;]<\/p>\n","protected":false},"author":1,"featured_media":0,"parent":2450,"menu_order":0,"comment_status":"closed","ping_status":"closed","template":"","meta":{"footnotes":""},"class_list":["post-2467","page","type-page","status-publish","hentry"],"yoast_head":"<!-- This site is optimized with the Yoast SEO Premium plugin v25.6 (Yoast SEO v25.6) - https:\/\/yoast.com\/wordpress\/plugins\/seo\/ -->\n<title>Garden Grove - OC Action<\/title>\n<meta name=\"robots\" content=\"index, follow, max-snippet:-1, max-image-preview:large, max-video-preview:-1\" \/>\n<link rel=\"canonical\" href=\"https:\/\/ocaction.org\/c\/gardengrove\/\" \/>\n<meta property=\"og:locale\" content=\"es_ES\" \/>\n<meta property=\"og:type\" content=\"article\" \/>\n<meta property=\"og:title\" content=\"Garden Grove\" \/>\n<meta property=\"og:description\" content=\"Concejal Distrito 2 de Garden Grove OCCET Action recomienda a Julie Diep como concejal del distrito 2 de Garden Grove. Julie Diep es due\u00f1a de negocio y terapeuta, y fund\u00f3 una organizaci\u00f3n para mejorar las vidas de aquellos con desabilidad del habla o autismo. Algunas de sus prioridades incluyen: una recuperaci\u00f3n econ\u00f3mica que promueva los [&hellip;]\" \/>\n<meta property=\"og:url\" content=\"https:\/\/ocaction.org\/c\/gardengrove\/\" \/>\n<meta property=\"og:site_name\" content=\"OC Action\" \/>\n<meta property=\"article:modified_time\" content=\"2025-02-07T06:16:56+00:00\" \/>\n<meta name=\"twitter:card\" content=\"summary_large_image\" \/>\n<meta name=\"twitter:label1\" content=\"Tiempo de lectura\" \/>\n\t<meta name=\"twitter:data1\" content=\"2 minutos\" \/>\n<script type=\"application\/ld+json\" class=\"yoast-schema-graph\">{\"@context\":\"https:\/\/schema.org\",\"@graph\":[{\"@type\":\"WebPage\",\"@id\":\"https:\/\/ocaction.org\/c\/gardengrove\/\",\"url\":\"https:\/\/ocaction.org\/c\/gardengrove\/\",\"name\":\"Garden Grove - OC Action\",\"isPartOf\":{\"@id\":\"https:\/\/ocaction.org\/#website\"},\"primaryImageOfPage\":{\"@id\":\"https:\/\/ocaction.org\/c\/gardengrove\/#primaryimage\"},\"image\":{\"@id\":\"https:\/\/ocaction.org\/c\/gardengrove\/#primaryimage\"},\"thumbnailUrl\":\"http:\/\/ocaction.org\/wp-content\/uploads\/sites\/8\/2020\/10\/Candidate-Check-rev30.png\",\"datePublished\":\"2020-10-10T19:25:37+00:00\",\"dateModified\":\"2025-02-07T06:16:56+00:00\",\"breadcrumb\":{\"@id\":\"https:\/\/ocaction.org\/c\/gardengrove\/#breadcrumb\"},\"inLanguage\":\"es\",\"potentialAction\":[{\"@type\":\"ReadAction\",\"target\":[\"https:\/\/ocaction.org\/c\/gardengrove\/\"]}]},{\"@type\":\"ImageObject\",\"inLanguage\":\"es\",\"@id\":\"https:\/\/ocaction.org\/c\/gardengrove\/#primaryimage\",\"url\":\"http:\/\/ocaction.org\/wp-content\/uploads\/sites\/8\/2020\/10\/Candidate-Check-rev30.png\",\"contentUrl\":\"http:\/\/ocaction.org\/wp-content\/uploads\/sites\/8\/2020\/10\/Candidate-Check-rev30.png\"},{\"@type\":\"BreadcrumbList\",\"@id\":\"https:\/\/ocaction.org\/c\/gardengrove\/#breadcrumb\",\"itemListElement\":[{\"@type\":\"ListItem\",\"position\":1,\"name\":\"Home\",\"item\":\"https:\/\/ocaction.org\/\"},{\"@type\":\"ListItem\",\"position\":2,\"name\":\"Candidate Subpages\",\"item\":\"https:\/\/ocaction.org\/c\/\"},{\"@type\":\"ListItem\",\"position\":3,\"name\":\"Garden Grove\"}]},{\"@type\":\"WebSite\",\"@id\":\"https:\/\/ocaction.org\/#website\",\"url\":\"https:\/\/ocaction.org\/\",\"name\":\"OC Action\",\"description\":\"\",\"publisher\":{\"@id\":\"https:\/\/ocaction.org\/#organization\"},\"potentialAction\":[{\"@type\":\"SearchAction\",\"target\":{\"@type\":\"EntryPoint\",\"urlTemplate\":\"https:\/\/ocaction.org\/?s={search_term_string}\"},\"query-input\":{\"@type\":\"PropertyValueSpecification\",\"valueRequired\":true,\"valueName\":\"search_term_string\"}}],\"inLanguage\":\"es\"},{\"@type\":[\"Organization\",\"Place\"],\"@id\":\"https:\/\/ocaction.org\/#organization\",\"name\":\"OC Action\",\"url\":\"https:\/\/ocaction.org\/\",\"logo\":{\"@id\":\"https:\/\/ocaction.org\/c\/gardengrove\/#local-main-organization-logo\"},\"image\":{\"@id\":\"https:\/\/ocaction.org\/c\/gardengrove\/#local-main-organization-logo\"},\"telephone\":[],\"openingHoursSpecification\":[{\"@type\":\"OpeningHoursSpecification\",\"dayOfWeek\":[\"Monday\",\"Tuesday\",\"Wednesday\",\"Thursday\",\"Friday\",\"Saturday\",\"Sunday\"],\"opens\":\"09:00\",\"closes\":\"17:00\"}]},{\"@type\":\"ImageObject\",\"inLanguage\":\"es\",\"@id\":\"https:\/\/ocaction.org\/c\/gardengrove\/#local-main-organization-logo\",\"url\":\"https:\/\/ocaction.org\/wp-content\/uploads\/sites\/8\/2025\/08\/OC-Action-Banner.png\",\"contentUrl\":\"https:\/\/ocaction.org\/wp-content\/uploads\/sites\/8\/2025\/08\/OC-Action-Banner.png\",\"width\":767,\"height\":190,\"caption\":\"OC Action\"}]}<\/script>\n<!-- \/ Yoast SEO Premium plugin. -->","yoast_head_json":{"title":"Garden Grove - OC Action","robots":{"index":"index","follow":"follow","max-snippet":"max-snippet:-1","max-image-preview":"max-image-preview:large","max-video-preview":"max-video-preview:-1"},"canonical":"https:\/\/ocaction.org\/c\/gardengrove\/","og_locale":"es_ES","og_type":"article","og_title":"Garden Grove","og_description":"Concejal Distrito 2 de Garden Grove OCCET Action recomienda a Julie Diep como concejal del distrito 2 de Garden Grove. Julie Diep es due\u00f1a de negocio y terapeuta, y fund\u00f3 una organizaci\u00f3n para mejorar las vidas de aquellos con desabilidad del habla o autismo. Algunas de sus prioridades incluyen: una recuperaci\u00f3n econ\u00f3mica que promueva los [&hellip;]","og_url":"https:\/\/ocaction.org\/c\/gardengrove\/","og_site_name":"OC Action","article_modified_time":"2025-02-07T06:16:56+00:00","twitter_card":"summary_large_image","twitter_misc":{"Tiempo de lectura":"2 minutos"},"schema":{"@context":"https:\/\/schema.org","@graph":[{"@type":"WebPage","@id":"https:\/\/ocaction.org\/c\/gardengrove\/","url":"https:\/\/ocaction.org\/c\/gardengrove\/","name":"Garden Grove - OC Action","isPartOf":{"@id":"https:\/\/ocaction.org\/#website"},"primaryImageOfPage":{"@id":"https:\/\/ocaction.org\/c\/gardengrove\/#primaryimage"},"image":{"@id":"https:\/\/ocaction.org\/c\/gardengrove\/#primaryimage"},"thumbnailUrl":"http:\/\/ocaction.org\/wp-content\/uploads\/sites\/8\/2020\/10\/Candidate-Check-rev30.png","datePublished":"2020-10-10T19:25:37+00:00","dateModified":"2025-02-07T06:16:56+00:00","breadcrumb":{"@id":"https:\/\/ocaction.org\/c\/gardengrove\/#breadcrumb"},"inLanguage":"es","potentialAction":[{"@type":"ReadAction","target":["https:\/\/ocaction.org\/c\/gardengrove\/"]}]},{"@type":"ImageObject","inLanguage":"es","@id":"https:\/\/ocaction.org\/c\/gardengrove\/#primaryimage","url":"http:\/\/ocaction.org\/wp-content\/uploads\/sites\/8\/2020\/10\/Candidate-Check-rev30.png","contentUrl":"http:\/\/ocaction.org\/wp-content\/uploads\/sites\/8\/2020\/10\/Candidate-Check-rev30.png"},{"@type":"BreadcrumbList","@id":"https:\/\/ocaction.org\/c\/gardengrove\/#breadcrumb","itemListElement":[{"@type":"ListItem","position":1,"name":"Home","item":"https:\/\/ocaction.org\/"},{"@type":"ListItem","position":2,"name":"Candidate Subpages","item":"https:\/\/ocaction.org\/c\/"},{"@type":"ListItem","position":3,"name":"Garden Grove"}]},{"@type":"WebSite","@id":"https:\/\/ocaction.org\/#website","url":"https:\/\/ocaction.org\/","name":"OC Action","description":"","publisher":{"@id":"https:\/\/ocaction.org\/#organization"},"potentialAction":[{"@type":"SearchAction","target":{"@type":"EntryPoint","urlTemplate":"https:\/\/ocaction.org\/?s={search_term_string}"},"query-input":{"@type":"PropertyValueSpecification","valueRequired":true,"valueName":"search_term_string"}}],"inLanguage":"es"},{"@type":["Organization","Place"],"@id":"https:\/\/ocaction.org\/#organization","name":"OC Action","url":"https:\/\/ocaction.org\/","logo":{"@id":"https:\/\/ocaction.org\/c\/gardengrove\/#local-main-organization-logo"},"image":{"@id":"https:\/\/ocaction.org\/c\/gardengrove\/#local-main-organization-logo"},"telephone":[],"openingHoursSpecification":[{"@type":"OpeningHoursSpecification","dayOfWeek":["Monday","Tuesday","Wednesday","Thursday","Friday","Saturday","Sunday"],"opens":"09:00","closes":"17:00"}]},{"@type":"ImageObject","inLanguage":"es","@id":"https:\/\/ocaction.org\/c\/gardengrove\/#local-main-organization-logo","url":"https:\/\/ocaction.org\/wp-content\/uploads\/sites\/8\/2025\/08\/OC-Action-Banner.png","contentUrl":"https:\/\/ocaction.org\/wp-content\/uploads\/sites\/8\/2025\/08\/OC-Action-Banner.png","width":767,"height":190,"caption":"OC Action"}]}},"_links":{"self":[{"href":"https:\/\/ocaction.org\/es\/wp-json\/wp\/v2\/pages\/2467","targetHints":{"allow":["GET"]}}],"collection":[{"href":"https:\/\/ocaction.org\/es\/wp-json\/wp\/v2\/pages"}],"about":[{"href":"https:\/\/ocaction.org\/es\/wp-json\/wp\/v2\/types\/page"}],"author":[{"embeddable":true,"href":"https:\/\/ocaction.org\/es\/wp-json\/wp\/v2\/users\/1"}],"replies":[{"embeddable":true,"href":"https:\/\/ocaction.org\/es\/wp-json\/wp\/v2\/comments?post=2467"}],"version-history":[{"count":1,"href":"https:\/\/ocaction.org\/es\/wp-json\/wp\/v2\/pages\/2467\/revisions"}],"predecessor-version":[{"id":6462,"href":"https:\/\/ocaction.org\/es\/wp-json\/wp\/v2\/pages\/2467\/revisions\/6462"}],"up":[{"embeddable":true,"href":"https:\/\/ocaction.org\/es\/wp-json\/wp\/v2\/pages\/2450"}],"wp:attachment":[{"href":"https:\/\/ocaction.org\/es\/wp-json\/wp\/v2\/media?parent=2467"}],"curies":[{"name":"wp","href":"https:\/\/api.w.org\/{rel}","templated":true}]}}