{"id":2712,"date":"2020-07-24T23:44:27","date_gmt":"2020-07-25T06:44:27","guid":{"rendered":"https:\/\/ocaction.org\/staff\/"},"modified":"2025-02-07T07:43:13","modified_gmt":"2025-02-07T15:43:13","slug":"staff","status":"publish","type":"page","link":"https:\/\/ocaction.org\/es\/staff\/","title":{"rendered":"Personal"},"content":{"rendered":"\n<div class=\"wp-block-columns alignwide is-not-stacked-on-mobile is-layout-flex wp-container-core-columns-is-layout-9d6595d7 wp-block-columns-is-layout-flex\">\n<div class=\"wp-block-column is-layout-flow wp-block-column-is-layout-flow\" style=\"flex-basis:33.33%\">\n<h6 class=\"wp-block-heading has-text-align-right has-background-color has-text-color\">Field<\/h6>\n\n\n\n<p class=\"has-text-align-right\"><a href=\"mailto:jonathan@ocaction.org\">jonathan@ocaction.org<\/a><br><a href=\"mailto:julie@ocaction.org\">julie@ocaction.org<\/a><br><a href=\"mailto:america@ocaction.org\">america@ocaction.org<\/a><br><a href=\"mailto:isaiah@ocaction.org\">isaiah@ocaction.org<\/a><\/p>\n\n\n\n<h6 class=\"wp-block-heading has-text-align-right has-background-color has-text-color\">Field<\/h6>\n\n\n\n<p class=\"has-text-align-right\"><a href=\"mailto:jazzmin@ocaction.org\">jazzmin@ocaction.org<\/a><br><a href=\"mailto:rafael@ocaction.org\">rafael@ocaction.org<\/a><br><a href=\"mailto:ian@ocaction.org\">ian@ocaction.org<\/a><br><a href=\"mailto:veronica@ocaction.org\">veronica@ocaction.org<\/a><\/p>\n\n\n\n<h6 class=\"wp-block-heading has-text-align-right has-background-color has-text-color\">Research<\/h6>\n\n\n\n<p class=\"has-text-align-right\"><a href=\"mailto:daniel@ocaction.org\">daniel@ocaction.org<\/a><br><a href=\"mailto:lisa@ocaction.org\">lisa@ocaction.org<\/a><br><a href=\"mailto:vorathip@ocaction.org\">vorathip@ocaction.org<\/a><\/p>\n<\/div>\n\n\n\n<div class=\"wp-block-column is-layout-flow wp-block-column-is-layout-flow\" style=\"flex-basis:66.66%\">\n<h6 class=\"wp-block-heading has-text-align-left\">Personal<\/h6>\n\n\n\n<p class=\"has-text-align-left\"><a href=\"#jp\">Jonathan Paik<\/a> \u00b7 Director Ejecutivo<br><a href=\"#julie\">Julie Vo<\/a> \u00b7 Jefe de Personal<br><a href=\"#america\">America Monje<\/a> \u00b7 Director de Finanzas y Administraci\u00f3n<br><a href=\"#isaiah\">Isaiah Han<\/a> \u00b7 Asociado de Operaciones<\/p>\n\n\n\n<h6 class=\"wp-block-heading has-text-align-left\">Participaci\u00f3n c\u00edvica<\/h6>\n\n\n\n<p class=\"has-text-align-left\"><a href=\"#jazzmin\">Jazzmin Mercado<\/a> \u00b7 Director de Participaci\u00f3n C\u00edvica<br><a href=\"#rafa\">Rafael Vera<\/a> \u00b7 Manager de Participaci\u00f3n C\u00edvica<br><a href=\"#ian\">Ian Kamus<\/a> \u00b7 Manager de Participaci\u00f3n C\u00edvica<br><a href=\"#veronica\">Veronica Miranda<\/a> \u00b7 Manager de Participaci\u00f3n C\u00edvica<\/p>\n\n\n\n<h6 class=\"wp-block-heading has-text-align-left\">INVESTIGACI\u00d3N<\/h6>\n\n\n\n<p class=\"has-text-align-left\"><a href=\"#dan\">Dan Ichinose<\/a> \u00b7 Director de Investigaci\u00f3n<br><a href=\"#lisa\">Lisa Liu<\/a> \u00b7 Manager de Datos de Campa\u00f1a<br><a href=\"#vorathip\">Vorathip Plengpanit<\/a> \u00b7 Coordinador de Datos<\/p>\n<\/div>\n<\/div>\n\n\n\n<hr class=\"wp-block-separator has-alpha-channel-opacity is-style-wide\"\/>\n\n\n\n<div class=\"wp-block-media-text alignwide has-media-on-the-right is-stacked-on-mobile is-vertically-aligned-top\" id=\"jp\"><div class=\"wp-block-media-text__content\">\n<h2 class=\"wp-block-heading has-text-align-right\">Jonathan Paik<\/h2>\n\n\n\n<p class=\"has-text-align-right\"><em>Director Ejecutivo<\/em><\/p>\n\n\n\n<p>Jonathan Paik (JP) busca una transformaci\u00f3n del condado, liderando el poder colectivo de las comunidades locales a trav\u00e9s del trabajo organizativo y la participaci\u00f3n c\u00edvica.<\/p>\n\n\n\n<p>JP organiz\u00f3 comunidades asi\u00e1ticxs y latinxs para desafiar a ciudades como Fullerton para que transicionen de elecciones en bloque (\u00abat-large\u00bb) a elecciones por distritos en 2015. As\u00ed buscaba darle atenci\u00f3n a voces de votantes marginalizados de color, en temas como salud, viviendas, inmigraci\u00f3n y educaci\u00f3n. En 2017, ayud\u00f3 a organizar a j\u00f3venes para participar en acciones nacionales en Washington DC para demandar a congresistas locales la aprobaci\u00f3n del <em>DREAM Act<\/em>. Tambi\u00e9n estuvo involucrado en campa\u00f1as de proposiciones electorales en los a\u00f1os 2016, 2018 y 2020, buscando avanzar temas cr\u00edticos de justicia econ\u00f3mica y justicia racial; y campa\u00f1as congresionales y de alguacil del condado para promover nuevo liderazgo en la regi\u00f3n.<\/p>\n\n\n\n<p>JP sirve como miembro de la mesa directiva de Alliance for Youth Action, una red nacional juvenil de organizaciones de participaci\u00f3n c\u00edvica enfocados en crecer el poder popular en Estados Unidos por la democracia, reparar la econom\u00eda, y coregir injusticias a trav\u00e9s del trabajo organizativo.<\/p>\n\n\n\n<p>Antes de ejercer como Director Ejecutivo de OCCET Action, era Director Ejecutivo del Centro de Recursos Coreanos (KRC) y KRC in Action, apoy\u00f3 varias campa\u00f1as pol\u00edticas como personal, y trabaj\u00f3 como el Coordinador de Desarrollo y Operaciones del Bus Federation Civic Fund. JP se gradu\u00f3 de UC Irvine en ciencias pol\u00edticas.<\/p>\n\n\n\n<p class=\"has-text-align-right\"> <a href=\"mailto:jonathan@ocaction.org\">jonathan@ocaction.org<\/a><\/p>\n<\/div><figure class=\"wp-block-media-text__media\"><img decoding=\"async\" src=\"https:\/\/ocaction.org\/wp-content\/uploads\/sites\/55\/2020\/07\/JP_Photo_2.png\" alt=\"\" class=\"wp-image-467 size-full\"\/><\/figure><\/div>\n\n\n\n<hr class=\"wp-block-separator has-alpha-channel-opacity is-style-wide\"\/>\n\n\n\n<div class=\"wp-block-media-text alignwide has-media-on-the-right is-stacked-on-mobile is-vertically-aligned-top\" id=\"julie\"><div class=\"wp-block-media-text__content\">\n<h2 class=\"wp-block-heading has-text-align-right\">Julie Vo<\/h2>\n\n\n\n<p class=\"has-text-align-right\"><em>Jefe de Personal<\/em><\/p>\n\n\n\n<p>Julie has more than twenty years of experience in nonprofit development and fundraising, youth development, and community arts, particularly in Orange County. Previously, she served as Policy Director with the Orange County Asian &amp; Pacific Islander Community Alliance (OCAPICA) and Director of Development at a network of environmental justice-oriented green schools in Los Angeles.<\/p>\n\n\n\n<p>She currently serves on the Board of the Vietnamese American Arts &amp; Letters Association (VAALA), and Advisory Boards of Orange County Environmental Justice (OCEJ), and the California Healthy Nail Salon Collaborative and organizes within a national network of Vietnamese movement builders. Julie is committed to developing powerful youth, promoting artistic expression as a way to nurture community, and building strategies for change within communities of color. She has taught at the National Academy of Social Sciences in Vietnam, and was awarded Best Advocacy Voice by New American Media (NAM). Julie holds a B.A. in Sociology and Asian American Studies and a minor in Education from UCLA.<\/p>\n\n\n\n<p class=\"has-text-align-right\"><a href=\"mailto:julie@ocaction.org\">julie@ocaction.org<\/a><\/p>\n<\/div><figure class=\"wp-block-media-text__media\"><img decoding=\"async\" src=\"http:\/\/ocaction.org\/wp-content\/uploads\/sites\/8\/2024\/05\/Julie-Vo-1024x1024.jpeg\" alt=\"\" class=\"wp-image-4678 size-full\"\/><\/figure><\/div>\n\n\n\n<hr class=\"wp-block-separator has-alpha-channel-opacity is-style-wide\"\/>\n\n\n\n<div class=\"wp-block-media-text alignwide has-media-on-the-right is-stacked-on-mobile\" id=\"america\"><div class=\"wp-block-media-text__content\">\n<h2 class=\"wp-block-heading has-text-align-right\">America Monje<\/h2>\n\n\n\n<p class=\"has-text-align-right\"><em>Director de Finanzas y Administraci\u00f3n<\/em><\/p>\n\n\n\n<p>America se titul\u00f3 en Ciencias Pol\u00edticas en la Universidad de Colorado, Denver. All\u00ed intern\u00f3 en el Grupo de Investigaci\u00f3n de Inter\u00e9s P\u00fablico de Colorado, donde particip\u00f3 y provey\u00f3 asistencia en campa\u00f1as de base.<\/p>\n\n\n\n<p>Antes de trasladarse a California, America trabaj\u00f3 en administraci\u00f3n y finanzas en M&amp;M and Sons, una compa\u00f1\u00eda de acarreos.<\/p>\n\n\n\n<p>Las experiencias profesionales de America incluye trabajo como Supervisor de Cuentas Pol\u00edticas en Kaufman Legal, APC, donde trabaj\u00f3 con candidatos, oficiales electos, comit\u00e9s pol\u00edticos, y grupos no gubernamentales, manejando sus cuentas bancarias en cumplimiento con regulacioles legales de finanzas de campa\u00f1a a nivel federal, estatal, y local.<\/p>\n\n\n\n<p class=\"has-text-align-right\"><a href=\"mailto:america@ocaction.org\">america@ocaction.org<\/a><\/p>\n<\/div><figure class=\"wp-block-media-text__media\"><img fetchpriority=\"high\" decoding=\"async\" width=\"384\" height=\"482\" src=\"http:\/\/ocaction.org\/wp-content\/uploads\/sites\/8\/2023\/06\/AmericaMonje-2.jpeg\" alt=\"\" class=\"wp-image-4482 size-full\" srcset=\"https:\/\/ocaction.org\/wp-content\/uploads\/sites\/8\/2023\/06\/AmericaMonje-2.jpeg 384w, https:\/\/ocaction.org\/wp-content\/uploads\/sites\/8\/2023\/06\/AmericaMonje-2-239x300.jpeg 239w\" sizes=\"(max-width: 384px) 100vw, 384px\" \/><\/figure><\/div>\n\n\n\n<hr class=\"wp-block-separator has-alpha-channel-opacity is-style-wide\"\/>\n\n\n\n<div class=\"wp-block-media-text alignwide has-media-on-the-right is-stacked-on-mobile\" id=\"isaiah\"><div class=\"wp-block-media-text__content\">\n<h2 class=\"wp-block-heading has-text-align-right\">Isaiah Han<\/h2>\n\n\n\n<p class=\"has-text-align-right\"><em>Asociado de Operaciones<\/em><\/p>\n\n\n\n<p><\/p>\n\n\n\n<p class=\"has-text-align-right\"><a href=\"mailto:isaiah@ocaction.org\">isaiah@ocaction.org<\/a><\/p>\n<\/div><figure class=\"wp-block-media-text__media\"><\/figure><\/div>\n\n\n\n<hr class=\"wp-block-separator has-alpha-channel-opacity is-style-wide\"\/>\n\n\n\n<div class=\"wp-block-media-text alignwide has-media-on-the-right is-stacked-on-mobile is-vertically-aligned-top\" id=\"jazzmin\"><div class=\"wp-block-media-text__content\">\n<h2 class=\"wp-block-heading has-text-align-right\">Jazzmin Mercado<\/h2>\n\n\n\n<p class=\"has-text-align-right\"><em>Director de Participaci\u00f3n C\u00edvica<\/em><\/p>\n\n\n\n<p>Jazzmin Mercado est\u00e1 orgullosa de ser mujerx y madre ecuatoriana graduada de la Universidad Estatal de California Long Beach con un bachillerato en sociolog\u00eda.&nbsp;<\/p>\n\n\n\n<p>Jazzmin comenz\u00f3 su participaci\u00f3n c\u00edvica con Turning the Tide, una colaboraci\u00f3n de j\u00f3venes que lider\u00f3 campa\u00f1as congresionales en el condado de Orange. Tambi\u00e9n desarroll\u00f3 un curr\u00edculum de 6 meses de concientizaci\u00f3n c\u00edvica y de liderazgo para j\u00f3venes, abarcando los temas de la educaci\u00f3n, viviendas, salud, inmigraci\u00f3n, g\u00e9nero y sexualidad.&nbsp;<\/p>\n\n\n\n<p>Presentemente est\u00e1 liderando OC Action con su la estrategia c\u00edvica y program\u00e1tica, coordinando programas de mobilzaci\u00f3n votante y esfuerzos de sacar el voto, educaci\u00f3n comunitaria, desarrollo de l\u00edderes, y organizaci\u00f3n comunitaria.<\/p>\n\n\n\n<p class=\"has-text-align-right\"> <a href=\"mailto:jazzmin@ocaction.org\">jazzmin@ocaction.org<\/a><\/p>\n<\/div><figure class=\"wp-block-media-text__media\"><img decoding=\"async\" src=\"https:\/\/ocaction.org\/wp-content\/uploads\/sites\/55\/2020\/07\/Jazzmin-1-scaled-e1595451680208-1024x898.jpg\" alt=\"\" class=\"wp-image-463 size-full\"\/><\/figure><\/div>\n\n\n\n<hr class=\"wp-block-separator has-alpha-channel-opacity is-style-wide\"\/>\n\n\n\n<div class=\"wp-block-media-text alignwide has-media-on-the-right is-stacked-on-mobile\" id=\"rafa\"><div class=\"wp-block-media-text__content\">\n<h2 class=\"wp-block-heading has-text-align-right\">Rafael Vera<\/h2>\n\n\n\n<p class=\"has-text-align-right\"><em>Manager de Participaci\u00f3n C\u00edvica<\/em><\/p>\n\n\n\n<p class=\"has-text-align-right\"><a href=\"mailto:rafael@occivic.org\">rafael@occivic.org<\/a><\/p>\n<\/div><figure class=\"wp-block-media-text__media\"><\/figure><\/div>\n\n\n\n<hr class=\"wp-block-separator has-alpha-channel-opacity is-style-wide\"\/>\n\n\n\n<div class=\"wp-block-media-text alignwide has-media-on-the-right is-stacked-on-mobile\" id=\"dan\"><div class=\"wp-block-media-text__content\">\n<h2 class=\"wp-block-heading has-text-align-right\">Dan Ichinose<\/h2>\n\n\n\n<p class=\"has-text-align-right\"><em>Director de Investigaci\u00f3n<\/em><\/p>\n\n\n\n<p>Dan tiene m\u00e1s de 20 a\u00f1os de experiencia liderando investigaci\u00f3n en el censo, datos de votantes, y m\u00e1s para solucionar problemas en nuestras comunidades. Es un experto en pol\u00edtica de censo y datos de censo, y ha liderado la producci\u00f3n de decenas de informes usando dato desagregado para mejorar el conocimiento y la articulaci\u00f3n de necesidades de comunidades de bajos recursos. Es un veterano de dos campa\u00f1as estatales de retrazamiento de distritos, trabajando con miembros clave en todo el estado, desarrollando la primera propuesta estatal de distritos de la comunidad asi\u00e1ticx y nativx americanx en el 2001, y la propuesta del 2011, que propuso el primer distrito legislativo en California con una mayor\u00eda asi\u00e1ticx.<\/p>\n\n\n\n<p>Previamente, Dan fue el Director del Proyecto de Investigaci\u00f3n Demogr\u00e1fica en Asian Americans Advancing Justice \u2013 Los Angeles, donde dirigi\u00f3 el Centro de Informaci\u00f3n de Censo (CIC) y fue Vicepresidente del Comit\u00e9 de CIC de la Oficina de Censo de Estados Unidos. Tiene un grado de mag\u00edster en sociolog\u00eda de la Universidad de Massachusetts, Amherst.<\/p>\n\n\n\n<p class=\"has-text-align-right\"><a href=\"mailto:daniel@ocaction.org\">daniel@ocaction.org<\/a><\/p>\n<\/div><figure class=\"wp-block-media-text__media\"><\/figure><\/div>\n\n\n\n<hr class=\"wp-block-separator has-alpha-channel-opacity is-style-wide\"\/>\n\n\n\n<div class=\"wp-block-media-text alignwide has-media-on-the-right is-stacked-on-mobile is-vertically-aligned-top\" id=\"lisa\"><div class=\"wp-block-media-text__content\">\n<h2 class=\"wp-block-heading has-text-align-right\">Lisa Liu<\/h2>\n\n\n\n<p class=\"has-text-align-right\"><em>Manager de Datos de Campa\u00f1a<\/em><\/p>\n\n\n\n<p>Lisa comenz\u00f3 su participaci\u00f3n en la justicia social cuando su amiga la invit\u00f3 a participar en un programa juvenil en el condado de Orange. Luego empez\u00f3 como voluntaria registrando j\u00f3venes en los campus universitarios. En el a\u00f1o 2016 empez\u00f3 a crear informes de datos y organizar bases de datos.&nbsp;<\/p>\n\n\n\n<p>Durante los \u00faltimos tres a\u00f1os, coordin\u00f3 con equipos de campa\u00f1a con manejo de datos de votantes en cada ciclo electoral, y manej\u00f3 bases de datos CRM en el Centro de Recursos Coreanos.<\/p>\n\n\n\n<p class=\"has-text-align-right\"> <a href=\"mailto:lisa@ocation.org\">lisa@ocaction.org<\/a><\/p>\n<\/div><figure class=\"wp-block-media-text__media\"><img decoding=\"async\" src=\"https:\/\/ocaction.org\/wp-content\/uploads\/sites\/55\/2020\/07\/Lisa-Liu-2-2-scaled-e1595452253551-1024x904.jpg\" alt=\"\" class=\"wp-image-469 size-full\"\/><\/figure><\/div>\n","protected":false},"excerpt":{"rendered":"<p>Field jonathan@ocaction.orgjulie@ocaction.orgamerica@ocaction.orgisaiah@ocaction.org Field jazzmin@ocaction.orgrafael@ocaction.orgian@ocaction.orgveronica@ocaction.org Research daniel@ocaction.orglisa@ocaction.orgvorathip@ocaction.org Personal Jonathan Paik \u00b7 Director EjecutivoJulie Vo \u00b7 Jefe de PersonalAmerica Monje \u00b7 Director de Finanzas y Administraci\u00f3nIsaiah Han \u00b7 Asociado de Operaciones Participaci\u00f3n c\u00edvica Jazzmin Mercado \u00b7 Director de Participaci\u00f3n C\u00edvicaRafael Vera \u00b7 Manager de Participaci\u00f3n C\u00edvicaIan Kamus \u00b7 Manager de Participaci\u00f3n C\u00edvicaVeronica Miranda \u00b7 Manager de Participaci\u00f3n [&hellip;]<\/p>\n","protected":false},"author":1,"featured_media":0,"parent":0,"menu_order":0,"comment_status":"closed","ping_status":"closed","template":"","meta":{"footnotes":""},"class_list":["post-2712","page","type-page","status-publish","hentry"],"yoast_head":"<!-- This site is optimized with the Yoast SEO Premium plugin v25.6 (Yoast SEO v25.6) - https:\/\/yoast.com\/wordpress\/plugins\/seo\/ -->\n<title>Personal - OC Action<\/title>\n<meta name=\"robots\" content=\"index, follow, max-snippet:-1, max-image-preview:large, max-video-preview:-1\" \/>\n<link rel=\"canonical\" href=\"https:\/\/ocaction.org\/staff\/\" \/>\n<meta property=\"og:locale\" content=\"es_ES\" \/>\n<meta property=\"og:type\" content=\"article\" \/>\n<meta property=\"og:title\" content=\"Personal\" \/>\n<meta property=\"og:description\" content=\"Field jonathan@ocaction.orgjulie@ocaction.orgamerica@ocaction.orgisaiah@ocaction.org Field jazzmin@ocaction.orgrafael@ocaction.orgian@ocaction.orgveronica@ocaction.org Research daniel@ocaction.orglisa@ocaction.orgvorathip@ocaction.org Personal Jonathan Paik \u00b7 Director EjecutivoJulie Vo \u00b7 Jefe de PersonalAmerica Monje \u00b7 Director de Finanzas y Administraci\u00f3nIsaiah Han \u00b7 Asociado de Operaciones Participaci\u00f3n c\u00edvica Jazzmin Mercado \u00b7 Director de Participaci\u00f3n C\u00edvicaRafael Vera \u00b7 Manager de Participaci\u00f3n C\u00edvicaIan Kamus \u00b7 Manager de Participaci\u00f3n C\u00edvicaVeronica Miranda \u00b7 Manager de Participaci\u00f3n [&hellip;]\" \/>\n<meta property=\"og:url\" content=\"https:\/\/ocaction.org\/staff\/\" \/>\n<meta property=\"og:site_name\" content=\"OC Action\" \/>\n<meta property=\"article:modified_time\" content=\"2025-02-07T15:43:13+00:00\" \/>\n<meta name=\"twitter:card\" content=\"summary_large_image\" \/>\n<meta name=\"twitter:label1\" content=\"Tiempo de lectura\" \/>\n\t<meta name=\"twitter:data1\" content=\"5 minutos\" \/>\n<script type=\"application\/ld+json\" class=\"yoast-schema-graph\">{\"@context\":\"https:\/\/schema.org\",\"@graph\":[{\"@type\":\"WebPage\",\"@id\":\"https:\/\/ocaction.org\/staff\/\",\"url\":\"https:\/\/ocaction.org\/staff\/\",\"name\":\"Personal - OC Action\",\"isPartOf\":{\"@id\":\"https:\/\/ocaction.org\/#website\"},\"primaryImageOfPage\":{\"@id\":\"https:\/\/ocaction.org\/staff\/#primaryimage\"},\"image\":{\"@id\":\"https:\/\/ocaction.org\/staff\/#primaryimage\"},\"thumbnailUrl\":\"https:\/\/ocaction.org\/wp-content\/uploads\/sites\/55\/2020\/07\/JP_Photo_2.png\",\"datePublished\":\"2020-07-25T06:44:27+00:00\",\"dateModified\":\"2025-02-07T15:43:13+00:00\",\"breadcrumb\":{\"@id\":\"https:\/\/ocaction.org\/staff\/#breadcrumb\"},\"inLanguage\":\"es\",\"potentialAction\":[{\"@type\":\"ReadAction\",\"target\":[\"https:\/\/ocaction.org\/staff\/\"]}]},{\"@type\":\"ImageObject\",\"inLanguage\":\"es\",\"@id\":\"https:\/\/ocaction.org\/staff\/#primaryimage\",\"url\":\"https:\/\/ocaction.org\/wp-content\/uploads\/sites\/55\/2020\/07\/JP_Photo_2.png\",\"contentUrl\":\"https:\/\/ocaction.org\/wp-content\/uploads\/sites\/55\/2020\/07\/JP_Photo_2.png\"},{\"@type\":\"BreadcrumbList\",\"@id\":\"https:\/\/ocaction.org\/staff\/#breadcrumb\",\"itemListElement\":[{\"@type\":\"ListItem\",\"position\":1,\"name\":\"Home\",\"item\":\"https:\/\/ocaction.org\/\"},{\"@type\":\"ListItem\",\"position\":2,\"name\":\"Personal\"}]},{\"@type\":\"WebSite\",\"@id\":\"https:\/\/ocaction.org\/#website\",\"url\":\"https:\/\/ocaction.org\/\",\"name\":\"OC Action\",\"description\":\"\",\"publisher\":{\"@id\":\"https:\/\/ocaction.org\/#organization\"},\"potentialAction\":[{\"@type\":\"SearchAction\",\"target\":{\"@type\":\"EntryPoint\",\"urlTemplate\":\"https:\/\/ocaction.org\/?s={search_term_string}\"},\"query-input\":{\"@type\":\"PropertyValueSpecification\",\"valueRequired\":true,\"valueName\":\"search_term_string\"}}],\"inLanguage\":\"es\"},{\"@type\":[\"Organization\",\"Place\"],\"@id\":\"https:\/\/ocaction.org\/#organization\",\"name\":\"OC Action\",\"url\":\"https:\/\/ocaction.org\/\",\"logo\":{\"@id\":\"https:\/\/ocaction.org\/staff\/#local-main-organization-logo\"},\"image\":{\"@id\":\"https:\/\/ocaction.org\/staff\/#local-main-organization-logo\"},\"telephone\":[],\"openingHoursSpecification\":[{\"@type\":\"OpeningHoursSpecification\",\"dayOfWeek\":[\"Monday\",\"Tuesday\",\"Wednesday\",\"Thursday\",\"Friday\",\"Saturday\",\"Sunday\"],\"opens\":\"09:00\",\"closes\":\"17:00\"}]},{\"@type\":\"ImageObject\",\"inLanguage\":\"es\",\"@id\":\"https:\/\/ocaction.org\/staff\/#local-main-organization-logo\",\"url\":\"https:\/\/ocaction.org\/wp-content\/uploads\/sites\/8\/2025\/08\/OC-Action-Banner.png\",\"contentUrl\":\"https:\/\/ocaction.org\/wp-content\/uploads\/sites\/8\/2025\/08\/OC-Action-Banner.png\",\"width\":767,\"height\":190,\"caption\":\"OC Action\"}]}<\/script>\n<!-- \/ Yoast SEO Premium plugin. -->","yoast_head_json":{"title":"Personal - OC Action","robots":{"index":"index","follow":"follow","max-snippet":"max-snippet:-1","max-image-preview":"max-image-preview:large","max-video-preview":"max-video-preview:-1"},"canonical":"https:\/\/ocaction.org\/staff\/","og_locale":"es_ES","og_type":"article","og_title":"Personal","og_description":"Field jonathan@ocaction.orgjulie@ocaction.orgamerica@ocaction.orgisaiah@ocaction.org Field jazzmin@ocaction.orgrafael@ocaction.orgian@ocaction.orgveronica@ocaction.org Research daniel@ocaction.orglisa@ocaction.orgvorathip@ocaction.org Personal Jonathan Paik \u00b7 Director EjecutivoJulie Vo \u00b7 Jefe de PersonalAmerica Monje \u00b7 Director de Finanzas y Administraci\u00f3nIsaiah Han \u00b7 Asociado de Operaciones Participaci\u00f3n c\u00edvica Jazzmin Mercado \u00b7 Director de Participaci\u00f3n C\u00edvicaRafael Vera \u00b7 Manager de Participaci\u00f3n C\u00edvicaIan Kamus \u00b7 Manager de Participaci\u00f3n C\u00edvicaVeronica Miranda \u00b7 Manager de Participaci\u00f3n [&hellip;]","og_url":"https:\/\/ocaction.org\/staff\/","og_site_name":"OC Action","article_modified_time":"2025-02-07T15:43:13+00:00","twitter_card":"summary_large_image","twitter_misc":{"Tiempo de lectura":"5 minutos"},"schema":{"@context":"https:\/\/schema.org","@graph":[{"@type":"WebPage","@id":"https:\/\/ocaction.org\/staff\/","url":"https:\/\/ocaction.org\/staff\/","name":"Personal - OC Action","isPartOf":{"@id":"https:\/\/ocaction.org\/#website"},"primaryImageOfPage":{"@id":"https:\/\/ocaction.org\/staff\/#primaryimage"},"image":{"@id":"https:\/\/ocaction.org\/staff\/#primaryimage"},"thumbnailUrl":"https:\/\/ocaction.org\/wp-content\/uploads\/sites\/55\/2020\/07\/JP_Photo_2.png","datePublished":"2020-07-25T06:44:27+00:00","dateModified":"2025-02-07T15:43:13+00:00","breadcrumb":{"@id":"https:\/\/ocaction.org\/staff\/#breadcrumb"},"inLanguage":"es","potentialAction":[{"@type":"ReadAction","target":["https:\/\/ocaction.org\/staff\/"]}]},{"@type":"ImageObject","inLanguage":"es","@id":"https:\/\/ocaction.org\/staff\/#primaryimage","url":"https:\/\/ocaction.org\/wp-content\/uploads\/sites\/55\/2020\/07\/JP_Photo_2.png","contentUrl":"https:\/\/ocaction.org\/wp-content\/uploads\/sites\/55\/2020\/07\/JP_Photo_2.png"},{"@type":"BreadcrumbList","@id":"https:\/\/ocaction.org\/staff\/#breadcrumb","itemListElement":[{"@type":"ListItem","position":1,"name":"Home","item":"https:\/\/ocaction.org\/"},{"@type":"ListItem","position":2,"name":"Personal"}]},{"@type":"WebSite","@id":"https:\/\/ocaction.org\/#website","url":"https:\/\/ocaction.org\/","name":"OC Action","description":"","publisher":{"@id":"https:\/\/ocaction.org\/#organization"},"potentialAction":[{"@type":"SearchAction","target":{"@type":"EntryPoint","urlTemplate":"https:\/\/ocaction.org\/?s={search_term_string}"},"query-input":{"@type":"PropertyValueSpecification","valueRequired":true,"valueName":"search_term_string"}}],"inLanguage":"es"},{"@type":["Organization","Place"],"@id":"https:\/\/ocaction.org\/#organization","name":"OC Action","url":"https:\/\/ocaction.org\/","logo":{"@id":"https:\/\/ocaction.org\/staff\/#local-main-organization-logo"},"image":{"@id":"https:\/\/ocaction.org\/staff\/#local-main-organization-logo"},"telephone":[],"openingHoursSpecification":[{"@type":"OpeningHoursSpecification","dayOfWeek":["Monday","Tuesday","Wednesday","Thursday","Friday","Saturday","Sunday"],"opens":"09:00","closes":"17:00"}]},{"@type":"ImageObject","inLanguage":"es","@id":"https:\/\/ocaction.org\/staff\/#local-main-organization-logo","url":"https:\/\/ocaction.org\/wp-content\/uploads\/sites\/8\/2025\/08\/OC-Action-Banner.png","contentUrl":"https:\/\/ocaction.org\/wp-content\/uploads\/sites\/8\/2025\/08\/OC-Action-Banner.png","width":767,"height":190,"caption":"OC Action"}]}},"_links":{"self":[{"href":"https:\/\/ocaction.org\/es\/wp-json\/wp\/v2\/pages\/2712","targetHints":{"allow":["GET"]}}],"collection":[{"href":"https:\/\/ocaction.org\/es\/wp-json\/wp\/v2\/pages"}],"about":[{"href":"https:\/\/ocaction.org\/es\/wp-json\/wp\/v2\/types\/page"}],"author":[{"embeddable":true,"href":"https:\/\/ocaction.org\/es\/wp-json\/wp\/v2\/users\/1"}],"replies":[{"embeddable":true,"href":"https:\/\/ocaction.org\/es\/wp-json\/wp\/v2\/comments?post=2712"}],"version-history":[{"count":2,"href":"https:\/\/ocaction.org\/es\/wp-json\/wp\/v2\/pages\/2712\/revisions"}],"predecessor-version":[{"id":8306,"href":"https:\/\/ocaction.org\/es\/wp-json\/wp\/v2\/pages\/2712\/revisions\/8306"}],"wp:attachment":[{"href":"https:\/\/ocaction.org\/es\/wp-json\/wp\/v2\/media?parent=2712"}],"curies":[{"name":"wp","href":"https:\/\/api.w.org\/{rel}","templated":true}]}}